{"id":864,"date":"2021-08-17T10:42:00","date_gmt":"2021-08-17T15:42:00","guid":{"rendered":"https:\/\/istvr.edu.ec\/web\/?page_id=864"},"modified":"2026-01-31T16:53:26","modified_gmt":"2026-01-31T21:53:26","slug":"mision-vision","status":"publish","type":"page","link":"https:\/\/istvr.edu.ec\/web\/mision-vision\/","title":{"rendered":"Misi\u00f3n y Visi\u00f3n Institucional"},"content":{"rendered":"\t\t<div data-elementor-type=\"wp-page\" data-elementor-id=\"864\" class=\"elementor elementor-864\">\n\t\t\t\t\t\t\t<div class=\"elementor-element elementor-element-db61e6f e-con-full e-flex e-con e-parent\" data-id=\"db61e6f\" data-element_type=\"container\" data-settings=\"{&quot;content_width&quot;:&quot;full&quot;}\" data-core-v316-plus=\"true\">\n\t\t\t\t<div class=\"elementor-element elementor-element-1674db4 elementor-widget elementor-widget-heading\" data-id=\"1674db4\" data-element_type=\"widget\" data-widget_type=\"heading.default\">\n\t\t\t\t<div class=\"elementor-widget-container\">\n\t\t\t<style>\/*! elementor - v3.16.0 - 12-09-2023 *\/\n.elementor-heading-title{padding:0;margin:0;line-height:1}.elementor-widget-heading .elementor-heading-title[class*=elementor-size-]>a{color:inherit;font-size:inherit;line-height:inherit}.elementor-widget-heading .elementor-heading-title.elementor-size-small{font-size:15px}.elementor-widget-heading .elementor-heading-title.elementor-size-medium{font-size:19px}.elementor-widget-heading .elementor-heading-title.elementor-size-large{font-size:29px}.elementor-widget-heading .elementor-heading-title.elementor-size-xl{font-size:39px}.elementor-widget-heading .elementor-heading-title.elementor-size-xxl{font-size:59px}<\/style><h2 class=\"elementor-heading-title elementor-size-default\">MISI\u00d3N, VISI\u00d3N Y PRINCIPIOS<\/h2>\t\t<\/div>\n\t\t\t\t<\/div>\n\t\t\t\t<\/div>\n\t\t<div class=\"elementor-element elementor-element-362a9d4 e-flex e-con-boxed e-con e-parent\" data-id=\"362a9d4\" data-element_type=\"container\" data-settings=\"{&quot;content_width&quot;:&quot;boxed&quot;}\" data-core-v316-plus=\"true\">\n\t\t\t\t\t<div class=\"e-con-inner\">\n\t\t\t\t<div class=\"elementor-element elementor-element-90adf49 elementor-widget elementor-widget-image\" data-id=\"90adf49\" data-element_type=\"widget\" data-widget_type=\"image.default\">\n\t\t\t\t<div class=\"elementor-widget-container\">\n\t\t\t<style>\/*! elementor - v3.16.0 - 12-09-2023 *\/\n.elementor-widget-image{text-align:center}.elementor-widget-image a{display:inline-block}.elementor-widget-image a img[src$=\".svg\"]{width:48px}.elementor-widget-image img{vertical-align:middle;display:inline-block}<\/style>\t\t\t\t\t\t\t\t\t\t\t\t<img loading=\"lazy\" decoding=\"async\" width=\"610\" height=\"863\" src=\"https:\/\/istvr.edu.ec\/web\/wp-content\/uploads\/2025\/08\/ARTE-MISION-VISION-PRINCIPIOS-.jpg\" class=\"attachment-large size-large wp-image-6649\" alt=\"\" srcset=\"https:\/\/istvr.edu.ec\/web\/wp-content\/uploads\/2025\/08\/ARTE-MISION-VISION-PRINCIPIOS-.jpg 610w, https:\/\/istvr.edu.ec\/web\/wp-content\/uploads\/2025\/08\/ARTE-MISION-VISION-PRINCIPIOS--212x300.jpg 212w, https:\/\/istvr.edu.ec\/web\/wp-content\/uploads\/2025\/08\/ARTE-MISION-VISION-PRINCIPIOS--230x325.jpg 230w, https:\/\/istvr.edu.ec\/web\/wp-content\/uploads\/2025\/08\/ARTE-MISION-VISION-PRINCIPIOS--350x495.jpg 350w, https:\/\/istvr.edu.ec\/web\/wp-content\/uploads\/2025\/08\/ARTE-MISION-VISION-PRINCIPIOS--480x679.jpg 480w\" sizes=\"auto, (max-width: 610px) 100vw, 610px\" \/>\t\t\t\t\t\t\t\t\t\t\t\t\t\t\t<\/div>\n\t\t\t\t<\/div>\n\t\t\t\t\t<\/div>\n\t\t\t\t<\/div>\n\t\t\t\t\t\t\t<\/div>\n\t\t","protected":false},"excerpt":{"rendered":"<p>MISI\u00d3N, VISI\u00d3N Y PRINCIPIOS<\/p>\n","protected":false},"author":1,"featured_media":0,"parent":0,"menu_order":0,"comment_status":"closed","ping_status":"closed","template":"","meta":{"pgc_sgb_lightbox_settings":"","footnotes":""},"class_list":["post-864","page","type-page","status-publish","hentry"],"yoast_head":"<!-- This site is optimized with the Yoast SEO plugin v27.5 - https:\/\/yoast.com\/product\/yoast-seo-wordpress\/ -->\n<title>Misi\u00f3n y Visi\u00f3n Institucional -<\/title>\n<meta name=\"robots\" content=\"index, follow, max-snippet:-1, max-image-preview:large, max-video-preview:-1\" \/>\n<link rel=\"canonical\" href=\"https:\/\/istvr.edu.ec\/web\/mision-vision\/\" \/>\n<meta property=\"og:locale\" content=\"es_ES\" \/>\n<meta property=\"og:type\" content=\"article\" \/>\n<meta property=\"og:title\" content=\"Misi\u00f3n y Visi\u00f3n Institucional -\" \/>\n<meta property=\"og:description\" content=\"MISI\u00d3N, VISI\u00d3N Y PRINCIPIOS\" \/>\n<meta property=\"og:url\" content=\"https:\/\/istvr.edu.ec\/web\/mision-vision\/\" \/>\n<meta property=\"article:publisher\" content=\"https:\/\/www.facebook.com\/ISTVR\" \/>\n<meta property=\"article:modified_time\" content=\"2026-01-31T21:53:26+00:00\" \/>\n<meta property=\"og:image\" content=\"http:\/\/istvr.edu.ec\/web\/wp-content\/uploads\/2025\/08\/ARTE-MISION-VISION-PRINCIPIOS-.jpg\" \/>\n<meta name=\"twitter:card\" content=\"summary_large_image\" \/>\n<meta name=\"twitter:site\" content=\"@istvr_edu_ec\" \/>\n<script type=\"application\/ld+json\" class=\"yoast-schema-graph\">{\"@context\":\"https:\\\/\\\/schema.org\",\"@graph\":[{\"@type\":\"WebPage\",\"@id\":\"https:\\\/\\\/istvr.edu.ec\\\/web\\\/mision-vision\\\/\",\"url\":\"https:\\\/\\\/istvr.edu.ec\\\/web\\\/mision-vision\\\/\",\"name\":\"Misi\u00f3n y Visi\u00f3n Institucional -\",\"isPartOf\":{\"@id\":\"https:\\\/\\\/istvr.edu.ec\\\/web\\\/#website\"},\"primaryImageOfPage\":{\"@id\":\"https:\\\/\\\/istvr.edu.ec\\\/web\\\/mision-vision\\\/#primaryimage\"},\"image\":{\"@id\":\"https:\\\/\\\/istvr.edu.ec\\\/web\\\/mision-vision\\\/#primaryimage\"},\"thumbnailUrl\":\"http:\\\/\\\/istvr.edu.ec\\\/web\\\/wp-content\\\/uploads\\\/2025\\\/08\\\/ARTE-MISION-VISION-PRINCIPIOS-.jpg\",\"datePublished\":\"2021-08-17T15:42:00+00:00\",\"dateModified\":\"2026-01-31T21:53:26+00:00\",\"breadcrumb\":{\"@id\":\"https:\\\/\\\/istvr.edu.ec\\\/web\\\/mision-vision\\\/#breadcrumb\"},\"inLanguage\":\"es\",\"potentialAction\":[{\"@type\":\"ReadAction\",\"target\":[\"https:\\\/\\\/istvr.edu.ec\\\/web\\\/mision-vision\\\/\"]}]},{\"@type\":\"ImageObject\",\"inLanguage\":\"es\",\"@id\":\"https:\\\/\\\/istvr.edu.ec\\\/web\\\/mision-vision\\\/#primaryimage\",\"url\":\"https:\\\/\\\/istvr.edu.ec\\\/web\\\/wp-content\\\/uploads\\\/2025\\\/08\\\/ARTE-MISION-VISION-PRINCIPIOS-.jpg\",\"contentUrl\":\"https:\\\/\\\/istvr.edu.ec\\\/web\\\/wp-content\\\/uploads\\\/2025\\\/08\\\/ARTE-MISION-VISION-PRINCIPIOS-.jpg\",\"width\":610,\"height\":863},{\"@type\":\"BreadcrumbList\",\"@id\":\"https:\\\/\\\/istvr.edu.ec\\\/web\\\/mision-vision\\\/#breadcrumb\",\"itemListElement\":[{\"@type\":\"ListItem\",\"position\":1,\"name\":\"Portada\",\"item\":\"https:\\\/\\\/istvr.edu.ec\\\/web\\\/\"},{\"@type\":\"ListItem\",\"position\":2,\"name\":\"Misi\u00f3n y Visi\u00f3n Institucional\"}]},{\"@type\":\"WebSite\",\"@id\":\"https:\\\/\\\/istvr.edu.ec\\\/web\\\/#website\",\"url\":\"https:\\\/\\\/istvr.edu.ec\\\/web\\\/\",\"name\":\"https:\\\/\\\/istvr.edu.ec\\\/web\\\/\",\"description\":\"\",\"potentialAction\":[{\"@type\":\"SearchAction\",\"target\":{\"@type\":\"EntryPoint\",\"urlTemplate\":\"https:\\\/\\\/istvr.edu.ec\\\/web\\\/?s={search_term_string}\"},\"query-input\":{\"@type\":\"PropertyValueSpecification\",\"valueRequired\":true,\"valueName\":\"search_term_string\"}}],\"inLanguage\":\"es\"}]}<\/script>\n<!-- \/ Yoast SEO plugin. -->","yoast_head_json":{"title":"Misi\u00f3n y Visi\u00f3n Institucional -","robots":{"index":"index","follow":"follow","max-snippet":"max-snippet:-1","max-image-preview":"max-image-preview:large","max-video-preview":"max-video-preview:-1"},"canonical":"https:\/\/istvr.edu.ec\/web\/mision-vision\/","og_locale":"es_ES","og_type":"article","og_title":"Misi\u00f3n y Visi\u00f3n Institucional -","og_description":"MISI\u00d3N, VISI\u00d3N Y PRINCIPIOS","og_url":"https:\/\/istvr.edu.ec\/web\/mision-vision\/","article_publisher":"https:\/\/www.facebook.com\/ISTVR","article_modified_time":"2026-01-31T21:53:26+00:00","og_image":[{"url":"http:\/\/istvr.edu.ec\/web\/wp-content\/uploads\/2025\/08\/ARTE-MISION-VISION-PRINCIPIOS-.jpg","type":"","width":"","height":""}],"twitter_card":"summary_large_image","twitter_site":"@istvr_edu_ec","schema":{"@context":"https:\/\/schema.org","@graph":[{"@type":"WebPage","@id":"https:\/\/istvr.edu.ec\/web\/mision-vision\/","url":"https:\/\/istvr.edu.ec\/web\/mision-vision\/","name":"Misi\u00f3n y Visi\u00f3n Institucional -","isPartOf":{"@id":"https:\/\/istvr.edu.ec\/web\/#website"},"primaryImageOfPage":{"@id":"https:\/\/istvr.edu.ec\/web\/mision-vision\/#primaryimage"},"image":{"@id":"https:\/\/istvr.edu.ec\/web\/mision-vision\/#primaryimage"},"thumbnailUrl":"http:\/\/istvr.edu.ec\/web\/wp-content\/uploads\/2025\/08\/ARTE-MISION-VISION-PRINCIPIOS-.jpg","datePublished":"2021-08-17T15:42:00+00:00","dateModified":"2026-01-31T21:53:26+00:00","breadcrumb":{"@id":"https:\/\/istvr.edu.ec\/web\/mision-vision\/#breadcrumb"},"inLanguage":"es","potentialAction":[{"@type":"ReadAction","target":["https:\/\/istvr.edu.ec\/web\/mision-vision\/"]}]},{"@type":"ImageObject","inLanguage":"es","@id":"https:\/\/istvr.edu.ec\/web\/mision-vision\/#primaryimage","url":"https:\/\/istvr.edu.ec\/web\/wp-content\/uploads\/2025\/08\/ARTE-MISION-VISION-PRINCIPIOS-.jpg","contentUrl":"https:\/\/istvr.edu.ec\/web\/wp-content\/uploads\/2025\/08\/ARTE-MISION-VISION-PRINCIPIOS-.jpg","width":610,"height":863},{"@type":"BreadcrumbList","@id":"https:\/\/istvr.edu.ec\/web\/mision-vision\/#breadcrumb","itemListElement":[{"@type":"ListItem","position":1,"name":"Portada","item":"https:\/\/istvr.edu.ec\/web\/"},{"@type":"ListItem","position":2,"name":"Misi\u00f3n y Visi\u00f3n Institucional"}]},{"@type":"WebSite","@id":"https:\/\/istvr.edu.ec\/web\/#website","url":"https:\/\/istvr.edu.ec\/web\/","name":"https:\/\/istvr.edu.ec\/web\/","description":"","potentialAction":[{"@type":"SearchAction","target":{"@type":"EntryPoint","urlTemplate":"https:\/\/istvr.edu.ec\/web\/?s={search_term_string}"},"query-input":{"@type":"PropertyValueSpecification","valueRequired":true,"valueName":"search_term_string"}}],"inLanguage":"es"}]}},"_links":{"self":[{"href":"https:\/\/istvr.edu.ec\/web\/wp-json\/wp\/v2\/pages\/864","targetHints":{"allow":["GET"]}}],"collection":[{"href":"https:\/\/istvr.edu.ec\/web\/wp-json\/wp\/v2\/pages"}],"about":[{"href":"https:\/\/istvr.edu.ec\/web\/wp-json\/wp\/v2\/types\/page"}],"author":[{"embeddable":true,"href":"https:\/\/istvr.edu.ec\/web\/wp-json\/wp\/v2\/users\/1"}],"replies":[{"embeddable":true,"href":"https:\/\/istvr.edu.ec\/web\/wp-json\/wp\/v2\/comments?post=864"}],"version-history":[{"count":13,"href":"https:\/\/istvr.edu.ec\/web\/wp-json\/wp\/v2\/pages\/864\/revisions"}],"predecessor-version":[{"id":7512,"href":"https:\/\/istvr.edu.ec\/web\/wp-json\/wp\/v2\/pages\/864\/revisions\/7512"}],"wp:attachment":[{"href":"https:\/\/istvr.edu.ec\/web\/wp-json\/wp\/v2\/media?parent=864"}],"curies":[{"name":"wp","href":"https:\/\/api.w.org\/{rel}","templated":true}]}}