{"id":8423,"date":"2026-04-26T10:40:35","date_gmt":"2026-04-26T15:40:35","guid":{"rendered":"https:\/\/istvr.edu.ec\/web\/?page_id=8423"},"modified":"2026-04-26T10:57:28","modified_gmt":"2026-04-26T15:57:28","slug":"rendicion-de-cuentas-2025","status":"publish","type":"page","link":"https:\/\/istvr.edu.ec\/web\/rendicion-de-cuentas-2025\/","title":{"rendered":"RENDICION DE CUENTAS 2025"},"content":{"rendered":"\t\t<div data-elementor-type=\"wp-page\" data-elementor-id=\"8423\" class=\"elementor elementor-8423\">\n\t\t\t\t\t\t\t<div class=\"elementor-element elementor-element-405bb03 e-flex e-con-boxed e-con e-parent\" data-id=\"405bb03\" data-element_type=\"container\" data-settings=\"{&quot;content_width&quot;:&quot;boxed&quot;}\" data-core-v316-plus=\"true\">\n\t\t\t\t\t<div class=\"e-con-inner\">\n\t\t\t\t<div class=\"elementor-element elementor-element-7360305 elementor-widget elementor-widget-heading\" data-id=\"7360305\" data-element_type=\"widget\" data-widget_type=\"heading.default\">\n\t\t\t\t<div class=\"elementor-widget-container\">\n\t\t\t<style>\/*! elementor - v3.16.0 - 12-09-2023 *\/\n.elementor-heading-title{padding:0;margin:0;line-height:1}.elementor-widget-heading .elementor-heading-title[class*=elementor-size-]>a{color:inherit;font-size:inherit;line-height:inherit}.elementor-widget-heading .elementor-heading-title.elementor-size-small{font-size:15px}.elementor-widget-heading .elementor-heading-title.elementor-size-medium{font-size:19px}.elementor-widget-heading .elementor-heading-title.elementor-size-large{font-size:29px}.elementor-widget-heading .elementor-heading-title.elementor-size-xl{font-size:39px}.elementor-widget-heading .elementor-heading-title.elementor-size-xxl{font-size:59px}<\/style><h2 class=\"elementor-heading-title elementor-size-default\">RENDICI\u00d3N DE CUENTAS 2025<\/h2>\t\t<\/div>\n\t\t\t\t<\/div>\n\t\t\t\t\t<\/div>\n\t\t\t\t<\/div>\n\t\t<div class=\"elementor-element elementor-element-30913c9 e-flex e-con-boxed e-con e-parent\" data-id=\"30913c9\" data-element_type=\"container\" data-settings=\"{&quot;content_width&quot;:&quot;boxed&quot;}\" data-core-v316-plus=\"true\">\n\t\t\t\t\t<div class=\"e-con-inner\">\n\t\t\t\t\t<\/div>\n\t\t\t\t<\/div>\n\t\t<div class=\"elementor-element elementor-element-8979645 e-flex e-con-boxed e-con e-parent\" data-id=\"8979645\" data-element_type=\"container\" data-settings=\"{&quot;content_width&quot;:&quot;boxed&quot;}\" data-core-v316-plus=\"true\">\n\t\t\t\t\t<div class=\"e-con-inner\">\n\t\t\t\t<div class=\"elementor-element elementor-element-45c6b74 elementor-widget elementor-widget-text-editor\" data-id=\"45c6b74\" data-element_type=\"widget\" data-widget_type=\"text-editor.default\">\n\t\t\t\t<div class=\"elementor-widget-container\">\n\t\t\t<style>\/*! elementor - v3.16.0 - 12-09-2023 *\/\n.elementor-widget-text-editor.elementor-drop-cap-view-stacked .elementor-drop-cap{background-color:#69727d;color:#fff}.elementor-widget-text-editor.elementor-drop-cap-view-framed .elementor-drop-cap{color:#69727d;border:3px solid;background-color:transparent}.elementor-widget-text-editor:not(.elementor-drop-cap-view-default) .elementor-drop-cap{margin-top:8px}.elementor-widget-text-editor:not(.elementor-drop-cap-view-default) .elementor-drop-cap-letter{width:1em;height:1em}.elementor-widget-text-editor .elementor-drop-cap{float:left;text-align:center;line-height:1;font-size:50px}.elementor-widget-text-editor .elementor-drop-cap-letter{display:inline-block}<\/style>\t\t\t\t<p><strong>Fase 1: Organizaci\u00f3n interna institucional del proceso de Rendici\u00f3n de Cuentas<\/strong><\/p><ul><li><a href=\"https:\/\/drive.google.com\/drive\/folders\/1xa9HGuUus47lDMupRTW4qABQiCNC4kp7?usp=sharing\">Conformaci\u00f3n de equipo de trabajo<\/a><\/li><li><a href=\"https:\/\/drive.google.com\/drive\/folders\/17umDBCRkiwB8y-DENhvgq4RC59UP7782?usp=sharing\">Dise\u00f1o de la propuesta del proceso de rendici\u00f3n de cuentas.<\/a><\/li><\/ul><p>\u00a0<\/p><p><strong>Fase 2: Elaboraci\u00f3n del Informe de Rendici\u00f3n de Cuentas<\/strong><\/p><ul><li><a href=\"https:\/\/drive.google.com\/drive\/folders\/1hLs6gO5nfjmLlcxb7zy41pFswophGlcI?usp=sharing\">Evaluaci\u00f3n de la gesti\u00f3n institucional<\/a>.<\/li><li><a href=\"https:\/\/drive.google.com\/drive\/folders\/1SCQYkTFBjBjsTSJYHRqdCNMo35g8pZr1?usp=sharing\">Llenado del formulario de informe de rendici\u00f3n de cuentas establecido por el CPCCS<\/a>.<\/li><li><a href=\"https:\/\/drive.google.com\/drive\/folders\/1bEOhEIgSeBOERtKA2FbrSgaT0YhJdVwd?usp=sharing\">Redacci\u00f3n del informe de rendici\u00f3n de cuentas<\/a>.<\/li><li><a href=\"https:\/\/drive.google.com\/drive\/folders\/1vUfQ2RWH3KS_LhvHd2-ePR3XXygCMaCz?usp=sharing\">Socializaci\u00f3n interna y aprobaci\u00f3n del informe de rendici\u00f3n de cuentas por parte de los responsables.<\/a><\/li><\/ul><p>\u00a0<\/p><p><strong>Fase 3: Deliberaci\u00f3n sobre el Informe de Rendici\u00f3n de Cuentas<\/strong><\/p><ul><li><a href=\"https:\/\/drive.google.com\/drive\/folders\/1PGkH_oFEVJHuEFswnrvLriIi7UPHcC7Q?usp=sharing\">Difusi\u00f3n del informe de rendici\u00f3n de cuentas a trav\u00e9s de distintos medios<\/a>.<\/li><li><a href=\"https:\/\/drive.google.com\/drive\/folders\/11nSi50ivd1XDq_XWbXNahD9Fu7mwILMU?usp=sharing\">Planificaci\u00f3n de los eventos participativos.<\/a><\/li><li><a href=\"https:\/\/drive.google.com\/drive\/folders\/1UAnRuKVm8JnWnk09KvbHn-qXbaeKtYo2?usp=sharing\">Realizaci\u00f3n del evento de Rendici\u00f3n de cuentas a la ciudadan\u00eda.<\/a><\/li><li><a href=\"https:\/\/drive.google.com\/drive\/folders\/1wfb58jMBqntLTSR3wZP7UxK5MoGLF8Su?usp=sharing\">Rindi\u00f3 cuentas a la ciudadan\u00eda en el plazo establecido.<\/a><\/li><li><a href=\"https:\/\/drive.google.com\/drive\/folders\/1eiwdGdd1C0DuMXWJKz_lCB60Flc1DFnM?usp=sharing\">Incorporaci\u00f3n de los aportes ciudadanos en el informe de rendici\u00f3n de cuentas.<\/a><\/li><\/ul><p>\u00a0<\/p><p><strong>Fase 4: Entrega del Informe de Rendici\u00f3n de Cuentas al CPCCS<\/strong><\/p><ul><li><a href=\"https:\/\/drive.google.com\/drive\/folders\/1v-P5bMSVQVup9D8gRJnv6NNXpZ_r4crZ?usp=sharing\">Entrega del informe de rendici\u00f3n de cuentas al CPCCS, a trav\u00e9s del ingreso del informe en el sistema virtual.<\/a><\/li><\/ul>\t\t\t\t\t\t<\/div>\n\t\t\t\t<\/div>\n\t\t\t\t\t<\/div>\n\t\t\t\t<\/div>\n\t\t\t\t\t\t\t<\/div>\n\t\t","protected":false},"excerpt":{"rendered":"<p>RENDICI\u00d3N DE CUENTAS 2025 Fase 1: Organizaci\u00f3n interna institucional del proceso de Rendici\u00f3n de Cuentas Conformaci\u00f3n de equipo de trabajo Dise\u00f1o de [&hellip;]<\/p>\n","protected":false},"author":1,"featured_media":0,"parent":0,"menu_order":0,"comment_status":"closed","ping_status":"closed","template":"","meta":{"pgc_sgb_lightbox_settings":"","footnotes":""},"class_list":["post-8423","page","type-page","status-publish","hentry"],"_links":{"self":[{"href":"https:\/\/istvr.edu.ec\/web\/wp-json\/wp\/v2\/pages\/8423","targetHints":{"allow":["GET"]}}],"collection":[{"href":"https:\/\/istvr.edu.ec\/web\/wp-json\/wp\/v2\/pages"}],"about":[{"href":"https:\/\/istvr.edu.ec\/web\/wp-json\/wp\/v2\/types\/page"}],"author":[{"embeddable":true,"href":"https:\/\/istvr.edu.ec\/web\/wp-json\/wp\/v2\/users\/1"}],"replies":[{"embeddable":true,"href":"https:\/\/istvr.edu.ec\/web\/wp-json\/wp\/v2\/comments?post=8423"}],"version-history":[{"count":7,"href":"https:\/\/istvr.edu.ec\/web\/wp-json\/wp\/v2\/pages\/8423\/revisions"}],"predecessor-version":[{"id":8431,"href":"https:\/\/istvr.edu.ec\/web\/wp-json\/wp\/v2\/pages\/8423\/revisions\/8431"}],"wp:attachment":[{"href":"https:\/\/istvr.edu.ec\/web\/wp-json\/wp\/v2\/media?parent=8423"}],"curies":[{"name":"wp","href":"https:\/\/api.w.org\/{rel}","templated":true}]}}