{"id":840,"date":"2021-08-18T09:29:00","date_gmt":"2021-08-18T14:29:00","guid":{"rendered":"https:\/\/istvr.edu.ec\/web\/?page_id=840"},"modified":"2026-03-19T13:58:53","modified_gmt":"2026-03-19T18:58:53","slug":"instructivos-de-titulacion","status":"publish","type":"page","link":"https:\/\/istvr.edu.ec\/web\/instructivos-de-titulacion\/","title":{"rendered":"Titulaci\u00f3n"},"content":{"rendered":"\t\t<div data-elementor-type=\"wp-page\" data-elementor-id=\"840\" class=\"elementor elementor-840\">\n\t\t\t\t\t\t\t<div class=\"elementor-element elementor-element-d157f08 e-flex e-con-boxed e-con e-parent\" data-id=\"d157f08\" data-element_type=\"container\" data-settings=\"{&quot;content_width&quot;:&quot;boxed&quot;}\" data-core-v316-plus=\"true\">\n\t\t\t\t\t<div class=\"e-con-inner\">\n\t\t\t\t<div class=\"elementor-element elementor-element-79eeac0 elementor-widget elementor-widget-heading\" data-id=\"79eeac0\" data-element_type=\"widget\" data-widget_type=\"heading.default\">\n\t\t\t\t<div class=\"elementor-widget-container\">\n\t\t\t<style>\/*! elementor - v3.16.0 - 12-09-2023 *\/\n.elementor-heading-title{padding:0;margin:0;line-height:1}.elementor-widget-heading .elementor-heading-title[class*=elementor-size-]>a{color:inherit;font-size:inherit;line-height:inherit}.elementor-widget-heading .elementor-heading-title.elementor-size-small{font-size:15px}.elementor-widget-heading .elementor-heading-title.elementor-size-medium{font-size:19px}.elementor-widget-heading .elementor-heading-title.elementor-size-large{font-size:29px}.elementor-widget-heading .elementor-heading-title.elementor-size-xl{font-size:39px}.elementor-widget-heading .elementor-heading-title.elementor-size-xxl{font-size:59px}<\/style><h2 class=\"elementor-heading-title elementor-size-default\">TITULACI\u00d3N<\/h2>\t\t<\/div>\n\t\t\t\t<\/div>\n\t\t\t\t\t<\/div>\n\t\t\t\t<\/div>\n\t\t<div class=\"elementor-element elementor-element-1ca97b6 e-flex e-con-boxed e-con e-parent\" data-id=\"1ca97b6\" data-element_type=\"container\" data-settings=\"{&quot;content_width&quot;:&quot;boxed&quot;}\" data-core-v316-plus=\"true\">\n\t\t\t\t\t<div class=\"e-con-inner\">\n\t\t\t\t<div class=\"elementor-element elementor-element-281b253 elementor-widget elementor-widget-image\" data-id=\"281b253\" data-element_type=\"widget\" data-widget_type=\"image.default\">\n\t\t\t\t<div class=\"elementor-widget-container\">\n\t\t\t<style>\/*! elementor - v3.16.0 - 12-09-2023 *\/\n.elementor-widget-image{text-align:center}.elementor-widget-image a{display:inline-block}.elementor-widget-image a img[src$=\".svg\"]{width:48px}.elementor-widget-image img{vertical-align:middle;display:inline-block}<\/style>\t\t\t\t\t\t\t\t\t\t\t\t<img loading=\"lazy\" decoding=\"async\" width=\"854\" height=\"480\" src=\"https:\/\/istvr.edu.ec\/web\/wp-content\/uploads\/2026\/01\/TITULACION-2026.png\" class=\"attachment-full size-full wp-image-7495\" alt=\"\" srcset=\"https:\/\/istvr.edu.ec\/web\/wp-content\/uploads\/2026\/01\/TITULACION-2026.png 854w, https:\/\/istvr.edu.ec\/web\/wp-content\/uploads\/2026\/01\/TITULACION-2026-300x169.png 300w, https:\/\/istvr.edu.ec\/web\/wp-content\/uploads\/2026\/01\/TITULACION-2026-768x432.png 768w, https:\/\/istvr.edu.ec\/web\/wp-content\/uploads\/2026\/01\/TITULACION-2026-230x129.png 230w, https:\/\/istvr.edu.ec\/web\/wp-content\/uploads\/2026\/01\/TITULACION-2026-350x197.png 350w, https:\/\/istvr.edu.ec\/web\/wp-content\/uploads\/2026\/01\/TITULACION-2026-480x270.png 480w\" sizes=\"auto, (max-width: 854px) 100vw, 854px\" \/>\t\t\t\t\t\t\t\t\t\t\t\t\t\t\t<\/div>\n\t\t\t\t<\/div>\n\t\t\t\t\t<\/div>\n\t\t\t\t<\/div>\n\t\t<div class=\"elementor-element elementor-element-2752b4ce e-flex e-con-boxed e-con e-parent\" data-id=\"2752b4ce\" data-element_type=\"container\" data-settings=\"{&quot;content_width&quot;:&quot;boxed&quot;}\" data-core-v316-plus=\"true\">\n\t\t\t\t\t<div class=\"e-con-inner\">\n\t\t\t\t<div class=\"elementor-element elementor-element-4b93152c elementor-widget elementor-widget-text-editor\" data-id=\"4b93152c\" data-element_type=\"widget\" data-widget_type=\"text-editor.default\">\n\t\t\t\t<div class=\"elementor-widget-container\">\n\t\t\t<style>\/*! elementor - v3.16.0 - 12-09-2023 *\/\n.elementor-widget-text-editor.elementor-drop-cap-view-stacked .elementor-drop-cap{background-color:#69727d;color:#fff}.elementor-widget-text-editor.elementor-drop-cap-view-framed .elementor-drop-cap{color:#69727d;border:3px solid;background-color:transparent}.elementor-widget-text-editor:not(.elementor-drop-cap-view-default) .elementor-drop-cap{margin-top:8px}.elementor-widget-text-editor:not(.elementor-drop-cap-view-default) .elementor-drop-cap-letter{width:1em;height:1em}.elementor-widget-text-editor .elementor-drop-cap{float:left;text-align:center;line-height:1;font-size:50px}.elementor-widget-text-editor .elementor-drop-cap-letter{display:inline-block}<\/style>\t\t\t\t<!-- wp:paragraph -->\n<p>La unidad de titulaci\u00f3n es un escenario educativo destinado a la organizaci\u00f3n del conocimiento y de los aprendizajes curriculares que consolida y valida el perfil de salida del futuro profesional, en el marco de procesos de evaluaci\u00f3n que se concretan en un examen complexivo o en los trabajos de titulaci\u00f3n.<\/p>\n<!-- \/wp:paragraph --><!-- wp:paragraph -->\n<p><strong>Funciones de Titulaci\u00f3n<\/strong><\/p>\n<!-- \/wp:paragraph --><!-- wp:list -->\n<ul><!-- wp:list-item -->\n<li>Propiciar los logros de aprendizaje expresados en habilidades, destrezas y competencias profesionales, en concordancia con el perfil de egreso de la carrera.<\/li>\n<!-- \/wp:list-item --><!-- wp:list-item -->\n<li>Articular la formaci\u00f3n acad\u00e9mica y profesional, la investigaci\u00f3n cient\u00edfica, tecnol\u00f3gica, social, y la vinculaci\u00f3n con la colectividad, en un marco de calidad, innovaci\u00f3n, creatividad y pertinencia.<\/li>\n<!-- \/wp:list-item --><!-- wp:list-item -->\n<li>Facilitar la aplicaci\u00f3n de los conocimientos adquiridos durante la carrera por parte de los estudiantes, para plantear soluciones a problemas espec\u00edficos.<\/li>\n<!-- \/wp:list-item --><!-- wp:list-item -->\n<li>Emplear estrategias y m\u00e9todos de investigaci\u00f3n relacionados a su disciplina y demostrar su capacidad innovadora y creativa.<\/li>\n<!-- \/wp:list-item --><\/ul>\n<!-- \/wp:list --><!-- wp:paragraph -->\n<p><strong>Instructivos para descarga<\/strong><\/p>\n<!-- \/wp:paragraph --><!-- wp:group {\"layout\":{\"type\":\"flex\",\"orientation\":\"vertical\"}} --><!-- \/wp:group --><!-- wp:paragraph --><!-- \/wp:paragraph --><!-- wp:group {\"layout\":{\"type\":\"flex\",\"orientation\":\"vertical\"}} -->\n<p class=\"wp-block-group\"><!-- wp:file {\"id\":3532,\"href\":\"https:\/\/istvr.edu.ec\/web\/wp-content\/uploads\/2024\/01\/INSTRUCTIVO-PROPUESTA-TECNOLOGICA-Y-PROYECTO-TECNICOS.pdf\",\"showDownloadButton\":false,\"displayPreview\":false} --><a id=\"wp-block-file--media-b7db88f4-f13b-4e13-8b25-68dac69d91fd\" href=\"https:\/\/istvr.edu.ec\/web\/wp-content\/uploads\/2024\/01\/INSTRUCTIVO-PROPUESTA-TECNOLOGICA-Y-PROYECTO-TECNICOS.pdf\">Instructivo &#8211; propuesta tecnol\u00f3gica y proyecto t\u00e9cnicos<\/a><\/p>\n<p class=\"wp-block-group\"><a id=\"wp-block-file--media-b779b74f-8d04-4e91-a0de-9d4ab38d6871\" href=\"https:\/\/istvr.edu.ec\/web\/wp-content\/uploads\/2024\/01\/INSTRUCTIVO-ANALISIS-O-ESTUDIO-DE-CASO.pdf\">INSTRUCTIVO &#8211; ANALISIS O ESTUDIO DE CASO<\/a><\/p>\n<p class=\"wp-block-group\"><a id=\"wp-block-file--media-c8159de6-bde6-4232-be53-878434951283\" href=\"https:\/\/istvr.edu.ec\/web\/wp-content\/uploads\/2024\/01\/INSTRUCTIVO-DISPOSITIVO-ELECTRONICO.pdf\">INSTRUCTIVO &#8211; DISPOSITIVO ELECTRONICO<\/a><\/p>\n<p class=\"wp-block-group\"><a id=\"wp-block-file--media-d9098be6-a4c6-4345-b50b-56ff6be6bdb3\" href=\"https:\/\/istvr.edu.ec\/web\/wp-content\/uploads\/2024\/01\/INSTRUCTIVO-PROYECTO-DE-EMPRENDIMIENTO.pdf\">INSTRUCTIVO &#8211; PROYECTO DE EMPRENDIMIENTO<\/a><\/p>\n<p><!-- \/wp:file --><!-- wp:file {\"id\":3528,\"href\":\"https:\/\/istvr.edu.ec\/web\/wp-content\/uploads\/2024\/01\/INSTRUCTIVO-DE-ARTICULO-ACADEMICO.pdf\",\"showDownloadButton\":false,\"displayPreview\":false} --><!-- \/wp:file --><!-- wp:file {\"id\":3529,\"href\":\"https:\/\/istvr.edu.ec\/web\/wp-content\/uploads\/2024\/01\/INSTRUCTIVO-DISPOSITIVO-ELECTRONICO.pdf\",\"showDownloadButton\":false,\"displayPreview\":false} --><\/p>\n<p><!-- \/wp:file --><!-- wp:file {\"id\":3531,\"href\":\"https:\/\/istvr.edu.ec\/web\/wp-content\/uploads\/2024\/01\/INSTRUCTIVO-PROYECTO-DE-EMPRENDIMIENTO.pdf\",\"showDownloadButton\":false,\"displayPreview\":false} --><\/p>\n<p><a href=\"http:\/\/istvr.edu.ec\/web\/wp-content\/uploads\/2024\/11\/INSTRUCTIVO-DE-ARTICULO-ACADEMICO-2024.pdf\">INSTRUCTIVO-DE-ARTICULO-ACADEMICO-2024<\/a><br \/><br \/><a href=\"http:\/\/istvr.edu.ec\/web\/wp-content\/uploads\/2025\/10\/TRABAJO-DE-INVESTIGACION-ESTRUCTURA-ISTVR-2025_TESIS-1.pdf\">INSTRUCTIVO-PROYECTOS-DE-INVESTIGACION-2024<\/a><\/p>\n<pre class=\"wp-block-group\"><!-- \/wp:file --><!-- wp:file {\"id\":3533,\"href\":\"https:\/\/istvr.edu.ec\/web\/wp-content\/uploads\/2024\/01\/INSTRUCTIVO-PROYECTOS-DE-INVESTIGACION.pdf\",\"showDownloadButton\":false,\"displayPreview\":false} --><!-- \/wp:file --><\/pre>\n<!-- \/wp:group -->\t\t\t\t\t\t<\/div>\n\t\t\t\t<\/div>\n\t\t\t\t\t<\/div>\n\t\t\t\t<\/div>\n\t\t\t\t\t\t\t<\/div>\n\t\t","protected":false},"excerpt":{"rendered":"<p>TITULACI\u00d3N La unidad de titulaci\u00f3n es un escenario educativo destinado a la organizaci\u00f3n del conocimiento y de los aprendizajes curriculares que consolida [&hellip;]<\/p>\n","protected":false},"author":1,"featured_media":0,"parent":0,"menu_order":0,"comment_status":"closed","ping_status":"closed","template":"","meta":{"pgc_sgb_lightbox_settings":"","footnotes":""},"class_list":["post-840","page","type-page","status-publish","hentry"],"yoast_head":"<!-- This site is optimized with the Yoast SEO plugin v27.5 - https:\/\/yoast.com\/product\/yoast-seo-wordpress\/ -->\n<title>Titulaci\u00f3n -<\/title>\n<meta name=\"robots\" content=\"index, follow, max-snippet:-1, max-image-preview:large, max-video-preview:-1\" \/>\n<link rel=\"canonical\" href=\"https:\/\/istvr.edu.ec\/web\/instructivos-de-titulacion\/\" \/>\n<meta property=\"og:locale\" content=\"es_ES\" \/>\n<meta property=\"og:type\" content=\"article\" \/>\n<meta property=\"og:title\" content=\"Titulaci\u00f3n -\" \/>\n<meta property=\"og:description\" content=\"TITULACI\u00d3N La unidad de titulaci\u00f3n es un escenario educativo destinado a la organizaci\u00f3n del conocimiento y de los aprendizajes curriculares que consolida [&hellip;]\" \/>\n<meta property=\"og:url\" content=\"https:\/\/istvr.edu.ec\/web\/instructivos-de-titulacion\/\" \/>\n<meta property=\"article:publisher\" content=\"https:\/\/www.facebook.com\/ISTVR\" \/>\n<meta property=\"article:modified_time\" content=\"2026-03-19T18:58:53+00:00\" \/>\n<meta property=\"og:image\" content=\"http:\/\/istvr.edu.ec\/web\/wp-content\/uploads\/2026\/01\/TITULACION-2026.png\" \/>\n<meta name=\"twitter:card\" content=\"summary_large_image\" \/>\n<meta name=\"twitter:site\" content=\"@istvr_edu_ec\" \/>\n<meta name=\"twitter:label1\" content=\"Tiempo de lectura\" \/>\n\t<meta name=\"twitter:data1\" content=\"1 minuto\" \/>\n<script type=\"application\/ld+json\" class=\"yoast-schema-graph\">{\"@context\":\"https:\\\/\\\/schema.org\",\"@graph\":[{\"@type\":\"WebPage\",\"@id\":\"https:\\\/\\\/istvr.edu.ec\\\/web\\\/instructivos-de-titulacion\\\/\",\"url\":\"https:\\\/\\\/istvr.edu.ec\\\/web\\\/instructivos-de-titulacion\\\/\",\"name\":\"Titulaci\u00f3n -\",\"isPartOf\":{\"@id\":\"https:\\\/\\\/istvr.edu.ec\\\/web\\\/#website\"},\"primaryImageOfPage\":{\"@id\":\"https:\\\/\\\/istvr.edu.ec\\\/web\\\/instructivos-de-titulacion\\\/#primaryimage\"},\"image\":{\"@id\":\"https:\\\/\\\/istvr.edu.ec\\\/web\\\/instructivos-de-titulacion\\\/#primaryimage\"},\"thumbnailUrl\":\"http:\\\/\\\/istvr.edu.ec\\\/web\\\/wp-content\\\/uploads\\\/2026\\\/01\\\/TITULACION-2026.png\",\"datePublished\":\"2021-08-18T14:29:00+00:00\",\"dateModified\":\"2026-03-19T18:58:53+00:00\",\"breadcrumb\":{\"@id\":\"https:\\\/\\\/istvr.edu.ec\\\/web\\\/instructivos-de-titulacion\\\/#breadcrumb\"},\"inLanguage\":\"es\",\"potentialAction\":[{\"@type\":\"ReadAction\",\"target\":[\"https:\\\/\\\/istvr.edu.ec\\\/web\\\/instructivos-de-titulacion\\\/\"]}]},{\"@type\":\"ImageObject\",\"inLanguage\":\"es\",\"@id\":\"https:\\\/\\\/istvr.edu.ec\\\/web\\\/instructivos-de-titulacion\\\/#primaryimage\",\"url\":\"https:\\\/\\\/istvr.edu.ec\\\/web\\\/wp-content\\\/uploads\\\/2026\\\/01\\\/TITULACION-2026.png\",\"contentUrl\":\"https:\\\/\\\/istvr.edu.ec\\\/web\\\/wp-content\\\/uploads\\\/2026\\\/01\\\/TITULACION-2026.png\",\"width\":854,\"height\":480},{\"@type\":\"BreadcrumbList\",\"@id\":\"https:\\\/\\\/istvr.edu.ec\\\/web\\\/instructivos-de-titulacion\\\/#breadcrumb\",\"itemListElement\":[{\"@type\":\"ListItem\",\"position\":1,\"name\":\"Portada\",\"item\":\"https:\\\/\\\/istvr.edu.ec\\\/web\\\/\"},{\"@type\":\"ListItem\",\"position\":2,\"name\":\"Titulaci\u00f3n\"}]},{\"@type\":\"WebSite\",\"@id\":\"https:\\\/\\\/istvr.edu.ec\\\/web\\\/#website\",\"url\":\"https:\\\/\\\/istvr.edu.ec\\\/web\\\/\",\"name\":\"https:\\\/\\\/istvr.edu.ec\\\/web\\\/\",\"description\":\"\",\"potentialAction\":[{\"@type\":\"SearchAction\",\"target\":{\"@type\":\"EntryPoint\",\"urlTemplate\":\"https:\\\/\\\/istvr.edu.ec\\\/web\\\/?s={search_term_string}\"},\"query-input\":{\"@type\":\"PropertyValueSpecification\",\"valueRequired\":true,\"valueName\":\"search_term_string\"}}],\"inLanguage\":\"es\"}]}<\/script>\n<!-- \/ Yoast SEO plugin. -->","yoast_head_json":{"title":"Titulaci\u00f3n -","robots":{"index":"index","follow":"follow","max-snippet":"max-snippet:-1","max-image-preview":"max-image-preview:large","max-video-preview":"max-video-preview:-1"},"canonical":"https:\/\/istvr.edu.ec\/web\/instructivos-de-titulacion\/","og_locale":"es_ES","og_type":"article","og_title":"Titulaci\u00f3n -","og_description":"TITULACI\u00d3N La unidad de titulaci\u00f3n es un escenario educativo destinado a la organizaci\u00f3n del conocimiento y de los aprendizajes curriculares que consolida [&hellip;]","og_url":"https:\/\/istvr.edu.ec\/web\/instructivos-de-titulacion\/","article_publisher":"https:\/\/www.facebook.com\/ISTVR","article_modified_time":"2026-03-19T18:58:53+00:00","og_image":[{"url":"http:\/\/istvr.edu.ec\/web\/wp-content\/uploads\/2026\/01\/TITULACION-2026.png","type":"","width":"","height":""}],"twitter_card":"summary_large_image","twitter_site":"@istvr_edu_ec","twitter_misc":{"Tiempo de lectura":"1 minuto"},"schema":{"@context":"https:\/\/schema.org","@graph":[{"@type":"WebPage","@id":"https:\/\/istvr.edu.ec\/web\/instructivos-de-titulacion\/","url":"https:\/\/istvr.edu.ec\/web\/instructivos-de-titulacion\/","name":"Titulaci\u00f3n -","isPartOf":{"@id":"https:\/\/istvr.edu.ec\/web\/#website"},"primaryImageOfPage":{"@id":"https:\/\/istvr.edu.ec\/web\/instructivos-de-titulacion\/#primaryimage"},"image":{"@id":"https:\/\/istvr.edu.ec\/web\/instructivos-de-titulacion\/#primaryimage"},"thumbnailUrl":"http:\/\/istvr.edu.ec\/web\/wp-content\/uploads\/2026\/01\/TITULACION-2026.png","datePublished":"2021-08-18T14:29:00+00:00","dateModified":"2026-03-19T18:58:53+00:00","breadcrumb":{"@id":"https:\/\/istvr.edu.ec\/web\/instructivos-de-titulacion\/#breadcrumb"},"inLanguage":"es","potentialAction":[{"@type":"ReadAction","target":["https:\/\/istvr.edu.ec\/web\/instructivos-de-titulacion\/"]}]},{"@type":"ImageObject","inLanguage":"es","@id":"https:\/\/istvr.edu.ec\/web\/instructivos-de-titulacion\/#primaryimage","url":"https:\/\/istvr.edu.ec\/web\/wp-content\/uploads\/2026\/01\/TITULACION-2026.png","contentUrl":"https:\/\/istvr.edu.ec\/web\/wp-content\/uploads\/2026\/01\/TITULACION-2026.png","width":854,"height":480},{"@type":"BreadcrumbList","@id":"https:\/\/istvr.edu.ec\/web\/instructivos-de-titulacion\/#breadcrumb","itemListElement":[{"@type":"ListItem","position":1,"name":"Portada","item":"https:\/\/istvr.edu.ec\/web\/"},{"@type":"ListItem","position":2,"name":"Titulaci\u00f3n"}]},{"@type":"WebSite","@id":"https:\/\/istvr.edu.ec\/web\/#website","url":"https:\/\/istvr.edu.ec\/web\/","name":"https:\/\/istvr.edu.ec\/web\/","description":"","potentialAction":[{"@type":"SearchAction","target":{"@type":"EntryPoint","urlTemplate":"https:\/\/istvr.edu.ec\/web\/?s={search_term_string}"},"query-input":{"@type":"PropertyValueSpecification","valueRequired":true,"valueName":"search_term_string"}}],"inLanguage":"es"}]}},"_links":{"self":[{"href":"https:\/\/istvr.edu.ec\/web\/wp-json\/wp\/v2\/pages\/840","targetHints":{"allow":["GET"]}}],"collection":[{"href":"https:\/\/istvr.edu.ec\/web\/wp-json\/wp\/v2\/pages"}],"about":[{"href":"https:\/\/istvr.edu.ec\/web\/wp-json\/wp\/v2\/types\/page"}],"author":[{"embeddable":true,"href":"https:\/\/istvr.edu.ec\/web\/wp-json\/wp\/v2\/users\/1"}],"replies":[{"embeddable":true,"href":"https:\/\/istvr.edu.ec\/web\/wp-json\/wp\/v2\/comments?post=840"}],"version-history":[{"count":49,"href":"https:\/\/istvr.edu.ec\/web\/wp-json\/wp\/v2\/pages\/840\/revisions"}],"predecessor-version":[{"id":8270,"href":"https:\/\/istvr.edu.ec\/web\/wp-json\/wp\/v2\/pages\/840\/revisions\/8270"}],"wp:attachment":[{"href":"https:\/\/istvr.edu.ec\/web\/wp-json\/wp\/v2\/media?parent=840"}],"curies":[{"name":"wp","href":"https:\/\/api.w.org\/{rel}","templated":true}]}}