{"id":738,"date":"2021-08-17T06:45:00","date_gmt":"2021-08-17T11:45:00","guid":{"rendered":"https:\/\/istvr.edu.ec\/web\/?page_id=738"},"modified":"2026-01-31T16:49:37","modified_gmt":"2026-01-31T21:49:37","slug":"biblioteca","status":"publish","type":"page","link":"https:\/\/istvr.edu.ec\/web\/biblioteca\/","title":{"rendered":"Biblioteca"},"content":{"rendered":"\t\t<div data-elementor-type=\"wp-page\" data-elementor-id=\"738\" class=\"elementor elementor-738\">\n\t\t\t\t\t\t\t<div class=\"elementor-element elementor-element-bf29f36 e-flex e-con-boxed e-con e-parent\" data-id=\"bf29f36\" data-element_type=\"container\" data-settings=\"{&quot;content_width&quot;:&quot;boxed&quot;}\" data-core-v316-plus=\"true\">\n\t\t\t\t\t<div class=\"e-con-inner\">\n\t\t\t\t<div class=\"elementor-element elementor-element-c1be6a3 elementor-widget elementor-widget-heading\" data-id=\"c1be6a3\" data-element_type=\"widget\" data-widget_type=\"heading.default\">\n\t\t\t\t<div class=\"elementor-widget-container\">\n\t\t\t<style>\/*! elementor - v3.16.0 - 12-09-2023 *\/\n.elementor-heading-title{padding:0;margin:0;line-height:1}.elementor-widget-heading .elementor-heading-title[class*=elementor-size-]>a{color:inherit;font-size:inherit;line-height:inherit}.elementor-widget-heading .elementor-heading-title.elementor-size-small{font-size:15px}.elementor-widget-heading .elementor-heading-title.elementor-size-medium{font-size:19px}.elementor-widget-heading .elementor-heading-title.elementor-size-large{font-size:29px}.elementor-widget-heading .elementor-heading-title.elementor-size-xl{font-size:39px}.elementor-widget-heading .elementor-heading-title.elementor-size-xxl{font-size:59px}<\/style><h2 class=\"elementor-heading-title elementor-size-default\">BIBLIOTECA<\/h2>\t\t<\/div>\n\t\t\t\t<\/div>\n\t\t\t\t\t<\/div>\n\t\t\t\t<\/div>\n\t\t<div class=\"elementor-element elementor-element-158f976 e-flex e-con-boxed e-con e-parent\" data-id=\"158f976\" data-element_type=\"container\" data-settings=\"{&quot;content_width&quot;:&quot;boxed&quot;}\" data-core-v316-plus=\"true\">\n\t\t\t\t\t<div class=\"e-con-inner\">\n\t\t\t\t<div class=\"elementor-element elementor-element-ee89f43 elementor-widget elementor-widget-image\" data-id=\"ee89f43\" data-element_type=\"widget\" data-widget_type=\"image.default\">\n\t\t\t\t<div class=\"elementor-widget-container\">\n\t\t\t<style>\/*! elementor - v3.16.0 - 12-09-2023 *\/\n.elementor-widget-image{text-align:center}.elementor-widget-image a{display:inline-block}.elementor-widget-image a img[src$=\".svg\"]{width:48px}.elementor-widget-image img{vertical-align:middle;display:inline-block}<\/style>\t\t\t\t\t\t\t\t\t\t\t\t<img loading=\"lazy\" decoding=\"async\" width=\"854\" height=\"480\" src=\"https:\/\/istvr.edu.ec\/web\/wp-content\/uploads\/2026\/01\/BIBLIOTECA.png\" class=\"attachment-full size-full wp-image-7503\" alt=\"\" srcset=\"https:\/\/istvr.edu.ec\/web\/wp-content\/uploads\/2026\/01\/BIBLIOTECA.png 854w, https:\/\/istvr.edu.ec\/web\/wp-content\/uploads\/2026\/01\/BIBLIOTECA-300x169.png 300w, https:\/\/istvr.edu.ec\/web\/wp-content\/uploads\/2026\/01\/BIBLIOTECA-768x432.png 768w, https:\/\/istvr.edu.ec\/web\/wp-content\/uploads\/2026\/01\/BIBLIOTECA-230x129.png 230w, https:\/\/istvr.edu.ec\/web\/wp-content\/uploads\/2026\/01\/BIBLIOTECA-350x197.png 350w, https:\/\/istvr.edu.ec\/web\/wp-content\/uploads\/2026\/01\/BIBLIOTECA-480x270.png 480w\" sizes=\"auto, (max-width: 854px) 100vw, 854px\" \/>\t\t\t\t\t\t\t\t\t\t\t\t\t\t\t<\/div>\n\t\t\t\t<\/div>\n\t\t\t\t\t<\/div>\n\t\t\t\t<\/div>\n\t\t<div class=\"elementor-element elementor-element-5a89540e e-flex e-con-boxed e-con e-parent\" data-id=\"5a89540e\" data-element_type=\"container\" data-settings=\"{&quot;content_width&quot;:&quot;boxed&quot;}\" data-core-v316-plus=\"true\">\n\t\t\t\t\t<div class=\"e-con-inner\">\n\t\t\t\t<div class=\"elementor-element elementor-element-f37ae9d elementor-widget elementor-widget-text-editor\" data-id=\"f37ae9d\" data-element_type=\"widget\" data-widget_type=\"text-editor.default\">\n\t\t\t\t<div class=\"elementor-widget-container\">\n\t\t\t<style>\/*! elementor - v3.16.0 - 12-09-2023 *\/\n.elementor-widget-text-editor.elementor-drop-cap-view-stacked .elementor-drop-cap{background-color:#69727d;color:#fff}.elementor-widget-text-editor.elementor-drop-cap-view-framed .elementor-drop-cap{color:#69727d;border:3px solid;background-color:transparent}.elementor-widget-text-editor:not(.elementor-drop-cap-view-default) .elementor-drop-cap{margin-top:8px}.elementor-widget-text-editor:not(.elementor-drop-cap-view-default) .elementor-drop-cap-letter{width:1em;height:1em}.elementor-widget-text-editor .elementor-drop-cap{float:left;text-align:center;line-height:1;font-size:50px}.elementor-widget-text-editor .elementor-drop-cap-letter{display:inline-block}<\/style>\t\t\t\t<!-- wp:paragraph -->\n<p>La Biblioteca \u201cMatilde Hidalgo de Procel\u201d del Instituto Superior Tecnol\u00f3gico Vicente Rocafuerte tiene la finalidad de brindar a la comunidad educativa servicios de calidad en informaci\u00f3n, actividades significativas para fomentar la lectura, complementar su formaci\u00f3n acad\u00e9mica y aportar a la formaci\u00f3n de ciudadanos aut\u00f3nomos y cr\u00edticos. Puede visitarnos haciendo clic en el siguiente \u00edcono.<\/p>\n<!-- \/wp:paragraph --><!-- wp:paragraph -->\n<p><strong>BIBLIOTECA VIRTUAL<\/strong><\/p>\n<!-- \/wp:paragraph --><!-- wp:image {\"lightbox\":{\"enabled\":false},\"id\":5239,\"sizeSlug\":\"full\",\"linkDestination\":\"custom\"} -->\n<figure class=\"wp-block-image size-full\"><a href=\"http:\/\/190.95.191.78\/fmi\/webd\/ACERVO?script=URL_ISTVR\"><img loading=\"lazy\" decoding=\"async\" width=\"455\" height=\"82\" class=\"wp-image-5239\" src=\"http:\/\/istvr.edu.ec\/web\/wp-content\/uploads\/2024\/11\/acervos.png\" alt=\"\" srcset=\"https:\/\/istvr.edu.ec\/web\/wp-content\/uploads\/2024\/11\/acervos.png 455w, https:\/\/istvr.edu.ec\/web\/wp-content\/uploads\/2024\/11\/acervos-300x54.png 300w, https:\/\/istvr.edu.ec\/web\/wp-content\/uploads\/2024\/11\/acervos-230x41.png 230w, https:\/\/istvr.edu.ec\/web\/wp-content\/uploads\/2024\/11\/acervos-350x63.png 350w\" sizes=\"auto, (max-width: 455px) 100vw, 455px\" \/><\/a><\/figure>\n<!-- \/wp:image --><!-- wp:paragraph -->\n<p><strong>Unidad de Servicios de Biblioteca:<\/strong> biblioteca@istvr.edu.ec<\/p>\n<!-- \/wp:paragraph --><!-- wp:file {\"id\":2503,\"href\":\"http:\/\/istvr.edu.ec\/web\/wp-content\/uploads\/2022\/10\/REGLAMENTO-INTERNO-DE-BIBLIOTECA-MATILDE-HIDALGO-PROCEL-DEL-ISTVR-1-signed-signed.pdf\",\"showDownloadButton\":false,\"displayPreview\":false} -->\n<p class=\"wp-block-file\"><strong><a id=\"wp-block-file--media-021766fe-1098-40a3-b9a1-5dd4e627a5d2\" href=\"http:\/\/istvr.edu.ec\/web\/wp-content\/uploads\/2025\/02\/REGLAMENTO-DE-UNIDAD-DE-SERVICIOS-DE-BIBLIOTECA-1.pdf\">Reglamento Interno de Biblioteca Matilde Hidalgo Procel del ISTVR<\/a><\/strong><\/p>\n<p><strong><a href=\"http:\/\/dspace.istvr.edu.ec:4000\/home\">Repositorio ISTVR<\/a><\/strong><\/p>\n<!-- \/wp:file -->\t\t\t\t\t\t<\/div>\n\t\t\t\t<\/div>\n\t\t\t\t\t<\/div>\n\t\t\t\t<\/div>\n\t\t\t\t\t\t\t<\/div>\n\t\t","protected":false},"excerpt":{"rendered":"<p>BIBLIOTECA La Biblioteca \u201cMatilde Hidalgo de Procel\u201d del Instituto Superior Tecnol\u00f3gico Vicente Rocafuerte tiene la finalidad de brindar a la comunidad educativa [&hellip;]<\/p>\n","protected":false},"author":1,"featured_media":0,"parent":0,"menu_order":0,"comment_status":"closed","ping_status":"closed","template":"","meta":{"pgc_sgb_lightbox_settings":"","footnotes":""},"class_list":["post-738","page","type-page","status-publish","hentry"],"yoast_head":"<!-- This site is optimized with the Yoast SEO plugin v27.5 - https:\/\/yoast.com\/product\/yoast-seo-wordpress\/ -->\n<title>Biblioteca -<\/title>\n<meta name=\"robots\" content=\"index, follow, max-snippet:-1, max-image-preview:large, max-video-preview:-1\" \/>\n<link rel=\"canonical\" href=\"https:\/\/istvr.edu.ec\/web\/biblioteca\/\" \/>\n<meta property=\"og:locale\" content=\"es_ES\" \/>\n<meta property=\"og:type\" content=\"article\" \/>\n<meta property=\"og:title\" content=\"Biblioteca -\" \/>\n<meta property=\"og:description\" content=\"BIBLIOTECA La Biblioteca \u201cMatilde Hidalgo de Procel\u201d del Instituto Superior Tecnol\u00f3gico Vicente Rocafuerte tiene la finalidad de brindar a la comunidad educativa [&hellip;]\" \/>\n<meta property=\"og:url\" content=\"https:\/\/istvr.edu.ec\/web\/biblioteca\/\" \/>\n<meta property=\"article:publisher\" content=\"https:\/\/www.facebook.com\/ISTVR\" \/>\n<meta property=\"article:modified_time\" content=\"2026-01-31T21:49:37+00:00\" \/>\n<meta property=\"og:image\" content=\"http:\/\/istvr.edu.ec\/web\/wp-content\/uploads\/2026\/01\/BIBLIOTECA.png\" \/>\n<meta name=\"twitter:card\" content=\"summary_large_image\" \/>\n<meta name=\"twitter:site\" content=\"@istvr_edu_ec\" \/>\n<script type=\"application\/ld+json\" class=\"yoast-schema-graph\">{\"@context\":\"https:\\\/\\\/schema.org\",\"@graph\":[{\"@type\":\"WebPage\",\"@id\":\"https:\\\/\\\/istvr.edu.ec\\\/web\\\/biblioteca\\\/\",\"url\":\"https:\\\/\\\/istvr.edu.ec\\\/web\\\/biblioteca\\\/\",\"name\":\"Biblioteca -\",\"isPartOf\":{\"@id\":\"https:\\\/\\\/istvr.edu.ec\\\/web\\\/#website\"},\"primaryImageOfPage\":{\"@id\":\"https:\\\/\\\/istvr.edu.ec\\\/web\\\/biblioteca\\\/#primaryimage\"},\"image\":{\"@id\":\"https:\\\/\\\/istvr.edu.ec\\\/web\\\/biblioteca\\\/#primaryimage\"},\"thumbnailUrl\":\"http:\\\/\\\/istvr.edu.ec\\\/web\\\/wp-content\\\/uploads\\\/2026\\\/01\\\/BIBLIOTECA.png\",\"datePublished\":\"2021-08-17T11:45:00+00:00\",\"dateModified\":\"2026-01-31T21:49:37+00:00\",\"breadcrumb\":{\"@id\":\"https:\\\/\\\/istvr.edu.ec\\\/web\\\/biblioteca\\\/#breadcrumb\"},\"inLanguage\":\"es\",\"potentialAction\":[{\"@type\":\"ReadAction\",\"target\":[\"https:\\\/\\\/istvr.edu.ec\\\/web\\\/biblioteca\\\/\"]}]},{\"@type\":\"ImageObject\",\"inLanguage\":\"es\",\"@id\":\"https:\\\/\\\/istvr.edu.ec\\\/web\\\/biblioteca\\\/#primaryimage\",\"url\":\"https:\\\/\\\/istvr.edu.ec\\\/web\\\/wp-content\\\/uploads\\\/2026\\\/01\\\/BIBLIOTECA.png\",\"contentUrl\":\"https:\\\/\\\/istvr.edu.ec\\\/web\\\/wp-content\\\/uploads\\\/2026\\\/01\\\/BIBLIOTECA.png\",\"width\":854,\"height\":480},{\"@type\":\"BreadcrumbList\",\"@id\":\"https:\\\/\\\/istvr.edu.ec\\\/web\\\/biblioteca\\\/#breadcrumb\",\"itemListElement\":[{\"@type\":\"ListItem\",\"position\":1,\"name\":\"Portada\",\"item\":\"https:\\\/\\\/istvr.edu.ec\\\/web\\\/\"},{\"@type\":\"ListItem\",\"position\":2,\"name\":\"Biblioteca\"}]},{\"@type\":\"WebSite\",\"@id\":\"https:\\\/\\\/istvr.edu.ec\\\/web\\\/#website\",\"url\":\"https:\\\/\\\/istvr.edu.ec\\\/web\\\/\",\"name\":\"https:\\\/\\\/istvr.edu.ec\\\/web\\\/\",\"description\":\"\",\"potentialAction\":[{\"@type\":\"SearchAction\",\"target\":{\"@type\":\"EntryPoint\",\"urlTemplate\":\"https:\\\/\\\/istvr.edu.ec\\\/web\\\/?s={search_term_string}\"},\"query-input\":{\"@type\":\"PropertyValueSpecification\",\"valueRequired\":true,\"valueName\":\"search_term_string\"}}],\"inLanguage\":\"es\"}]}<\/script>\n<!-- \/ Yoast SEO plugin. -->","yoast_head_json":{"title":"Biblioteca -","robots":{"index":"index","follow":"follow","max-snippet":"max-snippet:-1","max-image-preview":"max-image-preview:large","max-video-preview":"max-video-preview:-1"},"canonical":"https:\/\/istvr.edu.ec\/web\/biblioteca\/","og_locale":"es_ES","og_type":"article","og_title":"Biblioteca -","og_description":"BIBLIOTECA La Biblioteca \u201cMatilde Hidalgo de Procel\u201d del Instituto Superior Tecnol\u00f3gico Vicente Rocafuerte tiene la finalidad de brindar a la comunidad educativa [&hellip;]","og_url":"https:\/\/istvr.edu.ec\/web\/biblioteca\/","article_publisher":"https:\/\/www.facebook.com\/ISTVR","article_modified_time":"2026-01-31T21:49:37+00:00","og_image":[{"url":"http:\/\/istvr.edu.ec\/web\/wp-content\/uploads\/2026\/01\/BIBLIOTECA.png","type":"","width":"","height":""}],"twitter_card":"summary_large_image","twitter_site":"@istvr_edu_ec","schema":{"@context":"https:\/\/schema.org","@graph":[{"@type":"WebPage","@id":"https:\/\/istvr.edu.ec\/web\/biblioteca\/","url":"https:\/\/istvr.edu.ec\/web\/biblioteca\/","name":"Biblioteca -","isPartOf":{"@id":"https:\/\/istvr.edu.ec\/web\/#website"},"primaryImageOfPage":{"@id":"https:\/\/istvr.edu.ec\/web\/biblioteca\/#primaryimage"},"image":{"@id":"https:\/\/istvr.edu.ec\/web\/biblioteca\/#primaryimage"},"thumbnailUrl":"http:\/\/istvr.edu.ec\/web\/wp-content\/uploads\/2026\/01\/BIBLIOTECA.png","datePublished":"2021-08-17T11:45:00+00:00","dateModified":"2026-01-31T21:49:37+00:00","breadcrumb":{"@id":"https:\/\/istvr.edu.ec\/web\/biblioteca\/#breadcrumb"},"inLanguage":"es","potentialAction":[{"@type":"ReadAction","target":["https:\/\/istvr.edu.ec\/web\/biblioteca\/"]}]},{"@type":"ImageObject","inLanguage":"es","@id":"https:\/\/istvr.edu.ec\/web\/biblioteca\/#primaryimage","url":"https:\/\/istvr.edu.ec\/web\/wp-content\/uploads\/2026\/01\/BIBLIOTECA.png","contentUrl":"https:\/\/istvr.edu.ec\/web\/wp-content\/uploads\/2026\/01\/BIBLIOTECA.png","width":854,"height":480},{"@type":"BreadcrumbList","@id":"https:\/\/istvr.edu.ec\/web\/biblioteca\/#breadcrumb","itemListElement":[{"@type":"ListItem","position":1,"name":"Portada","item":"https:\/\/istvr.edu.ec\/web\/"},{"@type":"ListItem","position":2,"name":"Biblioteca"}]},{"@type":"WebSite","@id":"https:\/\/istvr.edu.ec\/web\/#website","url":"https:\/\/istvr.edu.ec\/web\/","name":"https:\/\/istvr.edu.ec\/web\/","description":"","potentialAction":[{"@type":"SearchAction","target":{"@type":"EntryPoint","urlTemplate":"https:\/\/istvr.edu.ec\/web\/?s={search_term_string}"},"query-input":{"@type":"PropertyValueSpecification","valueRequired":true,"valueName":"search_term_string"}}],"inLanguage":"es"}]}},"_links":{"self":[{"href":"https:\/\/istvr.edu.ec\/web\/wp-json\/wp\/v2\/pages\/738","targetHints":{"allow":["GET"]}}],"collection":[{"href":"https:\/\/istvr.edu.ec\/web\/wp-json\/wp\/v2\/pages"}],"about":[{"href":"https:\/\/istvr.edu.ec\/web\/wp-json\/wp\/v2\/types\/page"}],"author":[{"embeddable":true,"href":"https:\/\/istvr.edu.ec\/web\/wp-json\/wp\/v2\/users\/1"}],"replies":[{"embeddable":true,"href":"https:\/\/istvr.edu.ec\/web\/wp-json\/wp\/v2\/comments?post=738"}],"version-history":[{"count":23,"href":"https:\/\/istvr.edu.ec\/web\/wp-json\/wp\/v2\/pages\/738\/revisions"}],"predecessor-version":[{"id":8348,"href":"https:\/\/istvr.edu.ec\/web\/wp-json\/wp\/v2\/pages\/738\/revisions\/8348"}],"wp:attachment":[{"href":"https:\/\/istvr.edu.ec\/web\/wp-json\/wp\/v2\/media?parent=738"}],"curies":[{"name":"wp","href":"https:\/\/api.w.org\/{rel}","templated":true}]}}