{"id":6283,"date":"2025-07-28T13:25:05","date_gmt":"2025-07-28T18:25:05","guid":{"rendered":"https:\/\/istvr.edu.ec\/web\/?page_id=6283"},"modified":"2025-07-28T13:35:08","modified_gmt":"2025-07-28T18:35:08","slug":"rendicion-de-cuentas-2024","status":"publish","type":"page","link":"https:\/\/istvr.edu.ec\/web\/rendicion-de-cuentas-2024\/","title":{"rendered":"Rendici\u00f3n de cuentas 2024"},"content":{"rendered":"\t\t<div data-elementor-type=\"wp-page\" data-elementor-id=\"6283\" class=\"elementor elementor-6283\">\n\t\t\t\t\t\t\t<div class=\"elementor-element elementor-element-731bec68 e-flex e-con-boxed e-con e-parent\" data-id=\"731bec68\" data-element_type=\"container\" data-settings=\"{&quot;content_width&quot;:&quot;boxed&quot;}\" data-core-v316-plus=\"true\">\n\t\t\t\t\t<div class=\"e-con-inner\">\n\t\t\t\t<div class=\"elementor-element elementor-element-201ab4f7 elementor-widget elementor-widget-text-editor\" data-id=\"201ab4f7\" data-element_type=\"widget\" data-widget_type=\"text-editor.default\">\n\t\t\t\t<div class=\"elementor-widget-container\">\n\t\t\t<style>\/*! elementor - v3.16.0 - 12-09-2023 *\/\n.elementor-widget-text-editor.elementor-drop-cap-view-stacked .elementor-drop-cap{background-color:#69727d;color:#fff}.elementor-widget-text-editor.elementor-drop-cap-view-framed .elementor-drop-cap{color:#69727d;border:3px solid;background-color:transparent}.elementor-widget-text-editor:not(.elementor-drop-cap-view-default) .elementor-drop-cap{margin-top:8px}.elementor-widget-text-editor:not(.elementor-drop-cap-view-default) .elementor-drop-cap-letter{width:1em;height:1em}.elementor-widget-text-editor .elementor-drop-cap{float:left;text-align:center;line-height:1;font-size:50px}.elementor-widget-text-editor .elementor-drop-cap-letter{display:inline-block}<\/style>\t\t\t\t<!-- wp:paragraph -->\n<p><strong>Fase 0<\/strong><\/p>\n<!-- \/wp:paragraph --><!-- wp:paragraph -->\n<ul>\n<li><a href=\"https:\/\/drive.google.com\/drive\/folders\/16Ob3wBRDi0MYJqUoeOZKix9FrUHC-OSJ?usp=sharing\">Conformaci\u00f3n de equipo de trabajo<\/a><\/li>\n<li><a href=\"https:\/\/drive.google.com\/drive\/folders\/15yFZs-J0GUZ8iH-Ga_nPwJjWswCjVCB0?usp=sharing\">Dise\u00f1o de la propuesta del proceso de rendici\u00f3n de cuentas<\/a><\/li>\n<\/ul>\n<!-- \/wp:paragraph --><!-- wp:paragraph -->\n<p><strong>Fase 1<\/strong><\/p>\n<!-- \/wp:paragraph --><!-- wp:paragraph -->\n<ul>\n<li><a href=\"https:\/\/drive.google.com\/drive\/folders\/1u0fRLuyJ5tTrD_YLkpY9BT2PRtfcbn37?usp=sharing\">Evaluaci\u00f3n de la gesti\u00f3n institucional<\/a><\/li>\n<li><a href=\"https:\/\/drive.google.com\/drive\/folders\/1bD9AswUeEYAiT1XGl2OysZvuUlCR5Ml2?usp=sharing\">Llenado del formulario de informe de rendici\u00f3n de cuentas establecido por el CPCCS<\/a><\/li>\n<li><a href=\"https:\/\/drive.google.com\/drive\/folders\/12lKBpMTe0GrojDgQu20hi9afEEFg0JJ7?usp=sharing\">Redacci\u00f3n del informe de rendici\u00f3n de cuentas<\/a><\/li>\n<li><a href=\"https:\/\/drive.google.com\/drive\/folders\/1PI3Fhe3TKNU8-TK7ZsZRawMk1wox8qOI?usp=sharing\">Socializaci\u00f3n interna y aprobaci\u00f3n del informe de rendici\u00f3n de cuentas por parte de los responsables.<\/a><\/li>\n<\/ul>\n<!-- \/wp:paragraph --><!-- wp:paragraph -->\n<p><strong>Fase 2<\/strong><\/p>\n<!-- \/wp:paragraph --><!-- wp:paragraph -->\n<ul>\n<li><a href=\"https:\/\/drive.google.com\/drive\/folders\/1CaHj7b-RznRbnaJ8NAZDYM6r9I-2Skhs?usp=sharing\">Difusi\u00f3n del informe de rendici\u00f3n de cuentas a trav\u00e9s de distintos medios.<\/a><\/li>\n<li><a href=\"https:\/\/drive.google.com\/drive\/folders\/1JNj4epRSKAlMKZl-Zjmlc69CSPbDbIzK?usp=sharing\">Planificaci\u00f3n de los eventos participativos<\/a><\/li>\n<li><a href=\"https:\/\/drive.google.com\/drive\/folders\/1w7LA1yZyJSkjoxi8GYffp9KeLEPuGPCL?usp=sharing\">Realizaci\u00f3n del evento de rendici\u00f3n de cuentas a la ciudadan\u00eda<\/a><\/li>\n<li><a href=\"https:\/\/drive.google.com\/drive\/folders\/1sQHnQlW8PuV3UDtDiTPeX5R_3JLjP0Za?usp=sharing\">Rindi\u00f3 cuentas a la ciudadan\u00eda en el plazo establecido<\/a><\/li>\n<li><a href=\"https:\/\/drive.google.com\/drive\/folders\/1zEgMqDzC1UKrkyphvn89qGcaxK_XUlg6?usp=sharing\">Incorporaci\u00f3n de los aportes ciudadanos en el informe de rendici\u00f3n de cuentas<\/a><\/li>\n<\/ul>\n<p><strong>Fase 3<\/strong><\/p>\n<ul>\n<li><a href=\"https:\/\/drive.google.com\/drive\/folders\/1_NCuZojNYgl6zdAefaxNt0DGDwUgVDgs?usp=sharing\">Entrega del informe de rendici\u00f3n de cuentas al CPCCS, a trav\u00e9s del ingreso del informe en el sistema virtual.<\/a><\/li>\n<\/ul>\n<!-- \/wp:paragraph -->\t\t\t\t\t\t<\/div>\n\t\t\t\t<\/div>\n\t\t\t\t\t<\/div>\n\t\t\t\t<\/div>\n\t\t\t\t\t\t\t<\/div>\n\t\t","protected":false},"excerpt":{"rendered":"<p>Fase 0 Conformaci\u00f3n de equipo de trabajo Dise\u00f1o de la propuesta del proceso de rendici\u00f3n de cuentas Fase 1 Evaluaci\u00f3n de la [&hellip;]<\/p>\n","protected":false},"author":1,"featured_media":0,"parent":0,"menu_order":0,"comment_status":"closed","ping_status":"closed","template":"","meta":{"pgc_sgb_lightbox_settings":"","footnotes":""},"class_list":["post-6283","page","type-page","status-publish","hentry"],"yoast_head":"<!-- This site is optimized with the Yoast SEO plugin v27.5 - https:\/\/yoast.com\/product\/yoast-seo-wordpress\/ -->\n<title>Rendici\u00f3n de cuentas 2024 -<\/title>\n<meta name=\"robots\" content=\"index, follow, max-snippet:-1, max-image-preview:large, max-video-preview:-1\" \/>\n<link rel=\"canonical\" href=\"https:\/\/istvr.edu.ec\/web\/rendicion-de-cuentas-2024\/\" \/>\n<meta property=\"og:locale\" content=\"es_ES\" \/>\n<meta property=\"og:type\" content=\"article\" \/>\n<meta property=\"og:title\" content=\"Rendici\u00f3n de cuentas 2024 -\" \/>\n<meta property=\"og:description\" content=\"Fase 0 Conformaci\u00f3n de equipo de trabajo Dise\u00f1o de la propuesta del proceso de rendici\u00f3n de cuentas Fase 1 Evaluaci\u00f3n de la [&hellip;]\" \/>\n<meta property=\"og:url\" content=\"https:\/\/istvr.edu.ec\/web\/rendicion-de-cuentas-2024\/\" \/>\n<meta property=\"article:publisher\" content=\"https:\/\/www.facebook.com\/ISTVR\" \/>\n<meta property=\"article:modified_time\" content=\"2025-07-28T18:35:08+00:00\" \/>\n<meta name=\"twitter:card\" content=\"summary_large_image\" \/>\n<meta name=\"twitter:site\" content=\"@istvr_edu_ec\" \/>\n<meta name=\"twitter:label1\" content=\"Tiempo de lectura\" \/>\n\t<meta name=\"twitter:data1\" content=\"1 minuto\" \/>\n<script type=\"application\/ld+json\" class=\"yoast-schema-graph\">{\"@context\":\"https:\\\/\\\/schema.org\",\"@graph\":[{\"@type\":\"WebPage\",\"@id\":\"https:\\\/\\\/istvr.edu.ec\\\/web\\\/rendicion-de-cuentas-2024\\\/\",\"url\":\"https:\\\/\\\/istvr.edu.ec\\\/web\\\/rendicion-de-cuentas-2024\\\/\",\"name\":\"Rendici\u00f3n de cuentas 2024 -\",\"isPartOf\":{\"@id\":\"https:\\\/\\\/istvr.edu.ec\\\/web\\\/#website\"},\"datePublished\":\"2025-07-28T18:25:05+00:00\",\"dateModified\":\"2025-07-28T18:35:08+00:00\",\"breadcrumb\":{\"@id\":\"https:\\\/\\\/istvr.edu.ec\\\/web\\\/rendicion-de-cuentas-2024\\\/#breadcrumb\"},\"inLanguage\":\"es\",\"potentialAction\":[{\"@type\":\"ReadAction\",\"target\":[\"https:\\\/\\\/istvr.edu.ec\\\/web\\\/rendicion-de-cuentas-2024\\\/\"]}]},{\"@type\":\"BreadcrumbList\",\"@id\":\"https:\\\/\\\/istvr.edu.ec\\\/web\\\/rendicion-de-cuentas-2024\\\/#breadcrumb\",\"itemListElement\":[{\"@type\":\"ListItem\",\"position\":1,\"name\":\"Portada\",\"item\":\"https:\\\/\\\/istvr.edu.ec\\\/web\\\/\"},{\"@type\":\"ListItem\",\"position\":2,\"name\":\"Rendici\u00f3n de cuentas 2024\"}]},{\"@type\":\"WebSite\",\"@id\":\"https:\\\/\\\/istvr.edu.ec\\\/web\\\/#website\",\"url\":\"https:\\\/\\\/istvr.edu.ec\\\/web\\\/\",\"name\":\"https:\\\/\\\/istvr.edu.ec\\\/web\\\/\",\"description\":\"\",\"potentialAction\":[{\"@type\":\"SearchAction\",\"target\":{\"@type\":\"EntryPoint\",\"urlTemplate\":\"https:\\\/\\\/istvr.edu.ec\\\/web\\\/?s={search_term_string}\"},\"query-input\":{\"@type\":\"PropertyValueSpecification\",\"valueRequired\":true,\"valueName\":\"search_term_string\"}}],\"inLanguage\":\"es\"}]}<\/script>\n<!-- \/ Yoast SEO plugin. -->","yoast_head_json":{"title":"Rendici\u00f3n de cuentas 2024 -","robots":{"index":"index","follow":"follow","max-snippet":"max-snippet:-1","max-image-preview":"max-image-preview:large","max-video-preview":"max-video-preview:-1"},"canonical":"https:\/\/istvr.edu.ec\/web\/rendicion-de-cuentas-2024\/","og_locale":"es_ES","og_type":"article","og_title":"Rendici\u00f3n de cuentas 2024 -","og_description":"Fase 0 Conformaci\u00f3n de equipo de trabajo Dise\u00f1o de la propuesta del proceso de rendici\u00f3n de cuentas Fase 1 Evaluaci\u00f3n de la [&hellip;]","og_url":"https:\/\/istvr.edu.ec\/web\/rendicion-de-cuentas-2024\/","article_publisher":"https:\/\/www.facebook.com\/ISTVR","article_modified_time":"2025-07-28T18:35:08+00:00","twitter_card":"summary_large_image","twitter_site":"@istvr_edu_ec","twitter_misc":{"Tiempo de lectura":"1 minuto"},"schema":{"@context":"https:\/\/schema.org","@graph":[{"@type":"WebPage","@id":"https:\/\/istvr.edu.ec\/web\/rendicion-de-cuentas-2024\/","url":"https:\/\/istvr.edu.ec\/web\/rendicion-de-cuentas-2024\/","name":"Rendici\u00f3n de cuentas 2024 -","isPartOf":{"@id":"https:\/\/istvr.edu.ec\/web\/#website"},"datePublished":"2025-07-28T18:25:05+00:00","dateModified":"2025-07-28T18:35:08+00:00","breadcrumb":{"@id":"https:\/\/istvr.edu.ec\/web\/rendicion-de-cuentas-2024\/#breadcrumb"},"inLanguage":"es","potentialAction":[{"@type":"ReadAction","target":["https:\/\/istvr.edu.ec\/web\/rendicion-de-cuentas-2024\/"]}]},{"@type":"BreadcrumbList","@id":"https:\/\/istvr.edu.ec\/web\/rendicion-de-cuentas-2024\/#breadcrumb","itemListElement":[{"@type":"ListItem","position":1,"name":"Portada","item":"https:\/\/istvr.edu.ec\/web\/"},{"@type":"ListItem","position":2,"name":"Rendici\u00f3n de cuentas 2024"}]},{"@type":"WebSite","@id":"https:\/\/istvr.edu.ec\/web\/#website","url":"https:\/\/istvr.edu.ec\/web\/","name":"https:\/\/istvr.edu.ec\/web\/","description":"","potentialAction":[{"@type":"SearchAction","target":{"@type":"EntryPoint","urlTemplate":"https:\/\/istvr.edu.ec\/web\/?s={search_term_string}"},"query-input":{"@type":"PropertyValueSpecification","valueRequired":true,"valueName":"search_term_string"}}],"inLanguage":"es"}]}},"_links":{"self":[{"href":"https:\/\/istvr.edu.ec\/web\/wp-json\/wp\/v2\/pages\/6283","targetHints":{"allow":["GET"]}}],"collection":[{"href":"https:\/\/istvr.edu.ec\/web\/wp-json\/wp\/v2\/pages"}],"about":[{"href":"https:\/\/istvr.edu.ec\/web\/wp-json\/wp\/v2\/types\/page"}],"author":[{"embeddable":true,"href":"https:\/\/istvr.edu.ec\/web\/wp-json\/wp\/v2\/users\/1"}],"replies":[{"embeddable":true,"href":"https:\/\/istvr.edu.ec\/web\/wp-json\/wp\/v2\/comments?post=6283"}],"version-history":[{"count":3,"href":"https:\/\/istvr.edu.ec\/web\/wp-json\/wp\/v2\/pages\/6283\/revisions"}],"predecessor-version":[{"id":6286,"href":"https:\/\/istvr.edu.ec\/web\/wp-json\/wp\/v2\/pages\/6283\/revisions\/6286"}],"wp:attachment":[{"href":"https:\/\/istvr.edu.ec\/web\/wp-json\/wp\/v2\/media?parent=6283"}],"curies":[{"name":"wp","href":"https:\/\/api.w.org\/{rel}","templated":true}]}}