{"id":5079,"date":"2024-10-02T09:11:27","date_gmt":"2024-10-02T14:11:27","guid":{"rendered":"https:\/\/istvr.edu.ec\/web\/?page_id=5079"},"modified":"2026-03-17T11:24:13","modified_gmt":"2026-03-17T16:24:13","slug":"comite-de-etica-2","status":"publish","type":"page","link":"https:\/\/istvr.edu.ec\/web\/comite-de-etica-2\/","title":{"rendered":"COMIT\u00c9 DE \u00c9TICA"},"content":{"rendered":"\t\t<div data-elementor-type=\"wp-page\" data-elementor-id=\"5079\" class=\"elementor elementor-5079\">\n\t\t\t\t\t\t\t<div class=\"elementor-element elementor-element-aa8c661 e-flex e-con-boxed e-con e-parent\" data-id=\"aa8c661\" data-element_type=\"container\" data-settings=\"{&quot;content_width&quot;:&quot;boxed&quot;}\" data-core-v316-plus=\"true\">\n\t\t\t\t\t<div class=\"e-con-inner\">\n\t\t\t\t<div class=\"elementor-element elementor-element-de3d94d elementor-widget elementor-widget-heading\" data-id=\"de3d94d\" data-element_type=\"widget\" data-widget_type=\"heading.default\">\n\t\t\t\t<div class=\"elementor-widget-container\">\n\t\t\t<style>\/*! elementor - v3.16.0 - 12-09-2023 *\/\n.elementor-heading-title{padding:0;margin:0;line-height:1}.elementor-widget-heading .elementor-heading-title[class*=elementor-size-]>a{color:inherit;font-size:inherit;line-height:inherit}.elementor-widget-heading .elementor-heading-title.elementor-size-small{font-size:15px}.elementor-widget-heading .elementor-heading-title.elementor-size-medium{font-size:19px}.elementor-widget-heading .elementor-heading-title.elementor-size-large{font-size:29px}.elementor-widget-heading .elementor-heading-title.elementor-size-xl{font-size:39px}.elementor-widget-heading .elementor-heading-title.elementor-size-xxl{font-size:59px}<\/style><h2 class=\"elementor-heading-title elementor-size-default\">COMIT\u00c9 DE \u00c9TICA<\/h2>\t\t<\/div>\n\t\t\t\t<\/div>\n\t\t\t\t\t<\/div>\n\t\t\t\t<\/div>\n\t\t<div class=\"elementor-element elementor-element-a13fee5 e-flex e-con-boxed e-con e-parent\" data-id=\"a13fee5\" data-element_type=\"container\" data-settings=\"{&quot;content_width&quot;:&quot;boxed&quot;}\" data-core-v316-plus=\"true\">\n\t\t\t\t\t<div class=\"e-con-inner\">\n\t\t\t\t<div class=\"elementor-element elementor-element-8978c5f elementor-widget elementor-widget-image\" data-id=\"8978c5f\" data-element_type=\"widget\" data-widget_type=\"image.default\">\n\t\t\t\t<div class=\"elementor-widget-container\">\n\t\t\t<style>\/*! elementor - v3.16.0 - 12-09-2023 *\/\n.elementor-widget-image{text-align:center}.elementor-widget-image a{display:inline-block}.elementor-widget-image a img[src$=\".svg\"]{width:48px}.elementor-widget-image img{vertical-align:middle;display:inline-block}<\/style>\t\t\t\t\t\t\t\t\t\t\t\t<img loading=\"lazy\" decoding=\"async\" width=\"1025\" height=\"576\" src=\"https:\/\/istvr.edu.ec\/web\/wp-content\/uploads\/2026\/02\/comite-de-etica.png\" class=\"attachment-full size-full wp-image-7745\" alt=\"\" srcset=\"https:\/\/istvr.edu.ec\/web\/wp-content\/uploads\/2026\/02\/comite-de-etica.png 1025w, https:\/\/istvr.edu.ec\/web\/wp-content\/uploads\/2026\/02\/comite-de-etica-300x169.png 300w, https:\/\/istvr.edu.ec\/web\/wp-content\/uploads\/2026\/02\/comite-de-etica-768x432.png 768w, https:\/\/istvr.edu.ec\/web\/wp-content\/uploads\/2026\/02\/comite-de-etica-1000x562.png 1000w, https:\/\/istvr.edu.ec\/web\/wp-content\/uploads\/2026\/02\/comite-de-etica-230x129.png 230w, https:\/\/istvr.edu.ec\/web\/wp-content\/uploads\/2026\/02\/comite-de-etica-350x197.png 350w, https:\/\/istvr.edu.ec\/web\/wp-content\/uploads\/2026\/02\/comite-de-etica-480x270.png 480w\" sizes=\"auto, (max-width: 1025px) 100vw, 1025px\" \/>\t\t\t\t\t\t\t\t\t\t\t\t\t\t\t<\/div>\n\t\t\t\t<\/div>\n\t\t\t\t\t<\/div>\n\t\t\t\t<\/div>\n\t\t<div class=\"elementor-element elementor-element-20578ce e-flex e-con-boxed e-con e-parent\" data-id=\"20578ce\" data-element_type=\"container\" data-settings=\"{&quot;content_width&quot;:&quot;boxed&quot;}\" data-core-v316-plus=\"true\">\n\t\t\t\t\t<div class=\"e-con-inner\">\n\t\t\t\t<div class=\"elementor-element elementor-element-7c4a76c elementor-widget elementor-widget-text-editor\" data-id=\"7c4a76c\" data-element_type=\"widget\" data-widget_type=\"text-editor.default\">\n\t\t\t\t<div class=\"elementor-widget-container\">\n\t\t\t<style>\/*! elementor - v3.16.0 - 12-09-2023 *\/\n.elementor-widget-text-editor.elementor-drop-cap-view-stacked .elementor-drop-cap{background-color:#69727d;color:#fff}.elementor-widget-text-editor.elementor-drop-cap-view-framed .elementor-drop-cap{color:#69727d;border:3px solid;background-color:transparent}.elementor-widget-text-editor:not(.elementor-drop-cap-view-default) .elementor-drop-cap{margin-top:8px}.elementor-widget-text-editor:not(.elementor-drop-cap-view-default) .elementor-drop-cap-letter{width:1em;height:1em}.elementor-widget-text-editor .elementor-drop-cap{float:left;text-align:center;line-height:1;font-size:50px}.elementor-widget-text-editor .elementor-drop-cap-letter{display:inline-block}<\/style>\t\t\t\t<p>El Comit\u00e9 de \u00c9tica es un organismo encargado de velar por el cumplimiento de principios y normas \u00e9ticas dentro de una organizaci\u00f3n.\u00a0<br \/><br \/>Su funci\u00f3n incluye evaluar y asesorar sobre situaciones que puedan comprometer la integridad, as\u00ed como promover una cultura de transparencia y responsabilidad. Adem\u00e1s, se encarga de investigar denuncias y proponer medidas correctivas cuando es necesario.<\/p>\t\t\t\t\t\t<\/div>\n\t\t\t\t<\/div>\n\t\t\t\t\t<\/div>\n\t\t\t\t<\/div>\n\t\t\t\t\t\t\t<\/div>\n\t\t","protected":false},"excerpt":{"rendered":"<p>COMIT\u00c9 DE \u00c9TICA El Comit\u00e9 de \u00c9tica es un organismo encargado de velar por el cumplimiento de principios y normas \u00e9ticas dentro [&hellip;]<\/p>\n","protected":false},"author":1,"featured_media":0,"parent":0,"menu_order":0,"comment_status":"closed","ping_status":"closed","template":"","meta":{"pgc_sgb_lightbox_settings":"","footnotes":""},"class_list":["post-5079","page","type-page","status-publish","hentry"],"_links":{"self":[{"href":"https:\/\/istvr.edu.ec\/web\/wp-json\/wp\/v2\/pages\/5079","targetHints":{"allow":["GET"]}}],"collection":[{"href":"https:\/\/istvr.edu.ec\/web\/wp-json\/wp\/v2\/pages"}],"about":[{"href":"https:\/\/istvr.edu.ec\/web\/wp-json\/wp\/v2\/types\/page"}],"author":[{"embeddable":true,"href":"https:\/\/istvr.edu.ec\/web\/wp-json\/wp\/v2\/users\/1"}],"replies":[{"embeddable":true,"href":"https:\/\/istvr.edu.ec\/web\/wp-json\/wp\/v2\/comments?post=5079"}],"version-history":[{"count":16,"href":"https:\/\/istvr.edu.ec\/web\/wp-json\/wp\/v2\/pages\/5079\/revisions"}],"predecessor-version":[{"id":8103,"href":"https:\/\/istvr.edu.ec\/web\/wp-json\/wp\/v2\/pages\/5079\/revisions\/8103"}],"wp:attachment":[{"href":"https:\/\/istvr.edu.ec\/web\/wp-json\/wp\/v2\/media?parent=5079"}],"curies":[{"name":"wp","href":"https:\/\/api.w.org\/{rel}","templated":true}]}}