{"id":4888,"date":"2024-09-10T08:16:46","date_gmt":"2024-09-10T13:16:46","guid":{"rendered":"https:\/\/istvr.edu.ec\/web\/?page_id=4888"},"modified":"2026-04-01T10:36:31","modified_gmt":"2026-04-01T15:36:31","slug":"reglamentos-y-o-normativas","status":"publish","type":"page","link":"https:\/\/istvr.edu.ec\/web\/reglamentos-y-o-normativas\/","title":{"rendered":"Reglamentos, Normativas y\/o Manuales"},"content":{"rendered":"\t\t<div data-elementor-type=\"wp-page\" data-elementor-id=\"4888\" class=\"elementor elementor-4888\">\n\t\t\t\t\t\t\t<div class=\"elementor-element elementor-element-7716f53 e-flex e-con-boxed e-con e-parent\" data-id=\"7716f53\" data-element_type=\"container\" data-settings=\"{&quot;content_width&quot;:&quot;boxed&quot;}\" data-core-v316-plus=\"true\">\n\t\t\t\t\t<div class=\"e-con-inner\">\n\t\t\t\t<div class=\"elementor-element elementor-element-76c9cc4 elementor-widget elementor-widget-heading\" data-id=\"76c9cc4\" data-element_type=\"widget\" data-widget_type=\"heading.default\">\n\t\t\t\t<div class=\"elementor-widget-container\">\n\t\t\t<style>\/*! elementor - v3.16.0 - 12-09-2023 *\/\n.elementor-heading-title{padding:0;margin:0;line-height:1}.elementor-widget-heading .elementor-heading-title[class*=elementor-size-]>a{color:inherit;font-size:inherit;line-height:inherit}.elementor-widget-heading .elementor-heading-title.elementor-size-small{font-size:15px}.elementor-widget-heading .elementor-heading-title.elementor-size-medium{font-size:19px}.elementor-widget-heading .elementor-heading-title.elementor-size-large{font-size:29px}.elementor-widget-heading .elementor-heading-title.elementor-size-xl{font-size:39px}.elementor-widget-heading .elementor-heading-title.elementor-size-xxl{font-size:59px}<\/style><h2 class=\"elementor-heading-title elementor-size-default\">REGLAMENTOS, NORMATIVAS Y MANUALES<\/h2>\t\t<\/div>\n\t\t\t\t<\/div>\n\t\t\t\t\t<\/div>\n\t\t\t\t<\/div>\n\t\t<div class=\"elementor-element elementor-element-35cb38a e-flex e-con-boxed e-con e-parent\" data-id=\"35cb38a\" data-element_type=\"container\" data-settings=\"{&quot;content_width&quot;:&quot;boxed&quot;}\" data-core-v316-plus=\"true\">\n\t\t\t\t\t<div class=\"e-con-inner\">\n\t\t\t\t<div class=\"elementor-element elementor-element-64ac25a elementor-widget elementor-widget-image\" data-id=\"64ac25a\" data-element_type=\"widget\" data-widget_type=\"image.default\">\n\t\t\t\t<div class=\"elementor-widget-container\">\n\t\t\t<style>\/*! elementor - v3.16.0 - 12-09-2023 *\/\n.elementor-widget-image{text-align:center}.elementor-widget-image a{display:inline-block}.elementor-widget-image a img[src$=\".svg\"]{width:48px}.elementor-widget-image img{vertical-align:middle;display:inline-block}<\/style>\t\t\t\t\t\t\t\t\t\t\t\t<img loading=\"lazy\" decoding=\"async\" width=\"854\" height=\"480\" src=\"https:\/\/istvr.edu.ec\/web\/wp-content\/uploads\/2026\/02\/REGLAMENTOS-NORMATIVAS1.png\" class=\"attachment-full size-full wp-image-7559\" alt=\"\" srcset=\"https:\/\/istvr.edu.ec\/web\/wp-content\/uploads\/2026\/02\/REGLAMENTOS-NORMATIVAS1.png 854w, https:\/\/istvr.edu.ec\/web\/wp-content\/uploads\/2026\/02\/REGLAMENTOS-NORMATIVAS1-300x169.png 300w, https:\/\/istvr.edu.ec\/web\/wp-content\/uploads\/2026\/02\/REGLAMENTOS-NORMATIVAS1-768x432.png 768w, https:\/\/istvr.edu.ec\/web\/wp-content\/uploads\/2026\/02\/REGLAMENTOS-NORMATIVAS1-230x129.png 230w, https:\/\/istvr.edu.ec\/web\/wp-content\/uploads\/2026\/02\/REGLAMENTOS-NORMATIVAS1-350x197.png 350w, https:\/\/istvr.edu.ec\/web\/wp-content\/uploads\/2026\/02\/REGLAMENTOS-NORMATIVAS1-480x270.png 480w\" sizes=\"auto, (max-width: 854px) 100vw, 854px\" \/>\t\t\t\t\t\t\t\t\t\t\t\t\t\t\t<\/div>\n\t\t\t\t<\/div>\n\t\t\t\t\t<\/div>\n\t\t\t\t<\/div>\n\t\t<div class=\"elementor-element elementor-element-8dc2b04 e-flex e-con-boxed e-con e-parent\" data-id=\"8dc2b04\" data-element_type=\"container\" data-settings=\"{&quot;content_width&quot;:&quot;boxed&quot;}\" data-core-v316-plus=\"true\">\n\t\t\t\t\t<div class=\"e-con-inner\">\n\t\t\t\t<div class=\"elementor-element elementor-element-37bd38e elementor-widget elementor-widget-accordion\" data-id=\"37bd38e\" data-element_type=\"widget\" data-widget_type=\"accordion.default\">\n\t\t\t\t<div class=\"elementor-widget-container\">\n\t\t\t<style>\/*! elementor - v3.16.0 - 12-09-2023 *\/\n.elementor-accordion{text-align:left}.elementor-accordion .elementor-accordion-item{border:1px solid #d5d8dc}.elementor-accordion .elementor-accordion-item+.elementor-accordion-item{border-top:none}.elementor-accordion .elementor-tab-title{margin:0;padding:15px 20px;font-weight:700;line-height:1;cursor:pointer;outline:none}.elementor-accordion .elementor-tab-title .elementor-accordion-icon{display:inline-block;width:1.5em}.elementor-accordion .elementor-tab-title .elementor-accordion-icon svg{width:1em;height:1em}.elementor-accordion .elementor-tab-title .elementor-accordion-icon.elementor-accordion-icon-right{float:right;text-align:right}.elementor-accordion .elementor-tab-title .elementor-accordion-icon.elementor-accordion-icon-left{float:left;text-align:left}.elementor-accordion .elementor-tab-title .elementor-accordion-icon .elementor-accordion-icon-closed{display:block}.elementor-accordion .elementor-tab-title .elementor-accordion-icon .elementor-accordion-icon-opened,.elementor-accordion .elementor-tab-title.elementor-active .elementor-accordion-icon-closed{display:none}.elementor-accordion .elementor-tab-title.elementor-active .elementor-accordion-icon-opened{display:block}.elementor-accordion .elementor-tab-content{display:none;padding:15px 20px;border-top:1px solid #d5d8dc}@media (max-width:767px){.elementor-accordion .elementor-tab-title{padding:12px 15px}.elementor-accordion .elementor-tab-title .elementor-accordion-icon{width:1.2em}.elementor-accordion .elementor-tab-content{padding:7px 15px}}.e-con-inner>.elementor-widget-accordion,.e-con>.elementor-widget-accordion{width:var(--container-widget-width);--flex-grow:var(--container-widget-flex-grow)}<\/style>\t\t<div class=\"elementor-accordion\">\n\t\t\t\t\t\t\t<div class=\"elementor-accordion-item\">\n\t\t\t\t\t<div id=\"elementor-tab-title-5841\" class=\"elementor-tab-title\" data-tab=\"1\" role=\"button\" aria-controls=\"elementor-tab-content-5841\" aria-expanded=\"false\">\n\t\t\t\t\t\t\t\t\t\t\t\t\t<span class=\"elementor-accordion-icon elementor-accordion-icon-left\" aria-hidden=\"true\">\n\t\t\t\t\t\t\t\t\t\t\t\t\t\t\t<span class=\"elementor-accordion-icon-closed\"><i class=\"fas fa-plus\"><\/i><\/span>\n\t\t\t\t\t\t\t\t<span class=\"elementor-accordion-icon-opened\"><i class=\"fas fa-minus\"><\/i><\/span>\n\t\t\t\t\t\t\t\t\t\t\t\t\t\t<\/span>\n\t\t\t\t\t\t\t\t\t\t\t\t<a class=\"elementor-accordion-title\" tabindex=\"0\">Base Legal<\/a>\n\t\t\t\t\t<\/div>\n\t\t\t\t\t<div id=\"elementor-tab-content-5841\" class=\"elementor-tab-content elementor-clearfix\" data-tab=\"1\" role=\"region\" aria-labelledby=\"elementor-tab-title-5841\"><p id=\"ley-organica-de-educacion-superior\"><a href=\"https:\/\/istvr.edu.ec\/web\/wp-content\/uploads\/2021\/08\/Ley-Organica-de-Educacion-Superior.pdf\">Ley Org\u00e1nica de Educaci\u00f3n Superior<\/a><\/p>\n<p><a href=\"http:\/\/istvr.edu.ec\/web\/wp-content\/uploads\/2024\/09\/Reglamento-Regimen-Academico-Institucional_compressed.pdf\">Reglamento de R\u00e9gimen Acad\u00e9mico Institucional<\/a><\/p><\/div>\n\t\t\t\t<\/div>\n\t\t\t\t\t\t\t<div class=\"elementor-accordion-item\">\n\t\t\t\t\t<div id=\"elementor-tab-title-5842\" class=\"elementor-tab-title\" data-tab=\"2\" role=\"button\" aria-controls=\"elementor-tab-content-5842\" aria-expanded=\"false\">\n\t\t\t\t\t\t\t\t\t\t\t\t\t<span class=\"elementor-accordion-icon elementor-accordion-icon-left\" aria-hidden=\"true\">\n\t\t\t\t\t\t\t\t\t\t\t\t\t\t\t<span class=\"elementor-accordion-icon-closed\"><i class=\"fas fa-plus\"><\/i><\/span>\n\t\t\t\t\t\t\t\t<span class=\"elementor-accordion-icon-opened\"><i class=\"fas fa-minus\"><\/i><\/span>\n\t\t\t\t\t\t\t\t\t\t\t\t\t\t<\/span>\n\t\t\t\t\t\t\t\t\t\t\t\t<a class=\"elementor-accordion-title\" tabindex=\"0\">Estatuto Institucional<\/a>\n\t\t\t\t\t<\/div>\n\t\t\t\t\t<div id=\"elementor-tab-content-5842\" class=\"elementor-tab-content elementor-clearfix\" data-tab=\"2\" role=\"region\" aria-labelledby=\"elementor-tab-title-5842\"><p><a href=\"http:\/\/istvr.edu.ec\/web\/wp-content\/uploads\/2026\/03\/Estatuto-Institucional-ISTVR-2026.pdf\">Estatuto Institucional<\/a><\/p><\/div>\n\t\t\t\t<\/div>\n\t\t\t\t\t\t\t<div class=\"elementor-accordion-item\">\n\t\t\t\t\t<div id=\"elementor-tab-title-5843\" class=\"elementor-tab-title\" data-tab=\"3\" role=\"button\" aria-controls=\"elementor-tab-content-5843\" aria-expanded=\"false\">\n\t\t\t\t\t\t\t\t\t\t\t\t\t<span class=\"elementor-accordion-icon elementor-accordion-icon-left\" aria-hidden=\"true\">\n\t\t\t\t\t\t\t\t\t\t\t\t\t\t\t<span class=\"elementor-accordion-icon-closed\"><i class=\"fas fa-plus\"><\/i><\/span>\n\t\t\t\t\t\t\t\t<span class=\"elementor-accordion-icon-opened\"><i class=\"fas fa-minus\"><\/i><\/span>\n\t\t\t\t\t\t\t\t\t\t\t\t\t\t<\/span>\n\t\t\t\t\t\t\t\t\t\t\t\t<a class=\"elementor-accordion-title\" tabindex=\"0\">Reglamentos y\/o Normativas Internas<\/a>\n\t\t\t\t\t<\/div>\n\t\t\t\t\t<div id=\"elementor-tab-content-5843\" class=\"elementor-tab-content elementor-clearfix\" data-tab=\"3\" role=\"region\" aria-labelledby=\"elementor-tab-title-5843\"><p><a style=\"background-color: #ffffff;\" href=\"http:\/\/istvr.edu.ec\/web\/wp-content\/uploads\/2024\/09\/Reglamento-de-Planificacion-Estrategica.pdf\">Reglamento de Planificaci\u00f3n Estrat\u00e9gica<\/a><\/p>\n<p><a href=\"http:\/\/istvr.edu.ec\/web\/wp-content\/uploads\/2026\/03\/Normativa_reglamento_de_relaciones_internacionales_e_interinstitucionales.pdf\">Normativa de Relaciones internacionales e interinstitucionales<\/a><\/p>\n<p><a href=\"http:\/\/istvr.edu.ec\/web\/wp-content\/uploads\/2026\/03\/Normativa-interna-de-aseguramiento-de-la-calidad.pdf\" target=\"_blank\" rel=\"noopener\">Normativa de Unidad de Aseguramiento de la Calidad<\/a><\/p>\n<p><a href=\"http:\/\/istvr.edu.ec\/web\/wp-content\/uploads\/2026\/03\/normativa-sistema-informatico-de-gestion.pdf\">Reglamento del Sistema Informatico de Gesti<\/a><a href=\"http:\/\/istvr.edu.ec\/web\/wp-content\/uploads\/2024\/09\/Reforma-al-Reglamento-de-Justificacion-de-inasistencias-y-de-entrega-recepcion-de-componentes-academicos.pdf\">\u00f3<\/a><a href=\"http:\/\/istvr.edu.ec\/web\/wp-content\/uploads\/2024\/09\/Reglamento-del-Sistema-Informatico-de-Gestion.pdf\">n<\/a><\/p>\n<p><a href=\"http:\/\/istvr.edu.ec\/web\/wp-content\/uploads\/2025\/02\/20240910163851_reglamento_de_accion_afirmativa_y_equidad_de_genero_0067.pdf\">Reglamento de Acci\u00f3n Afirmativa y Equidad de G\u00e9nero<\/a><\/p>\n<p><a href=\"http:\/\/istvr.edu.ec\/web\/wp-content\/uploads\/2024\/07\/Reglamento-SSO-signed-1-1.pdf\">Normativa de la Unidad de Seguridad y Salud Ocupacional<\/a><\/p>\n<p><a href=\"http:\/\/istvr.edu.ec\/web\/wp-content\/uploads\/2025\/07\/2.-REGLAMENTO-DEL-PROCESO-DE-SELECCION-PARA-CONTRATACION-DE-PERSONAL-DOCENTE-signed-signed.pdf\">Reglamento del proceso de selecci\u00f3n para contrataci\u00f3n de personal docente<\/a><\/p>\n<p><a href=\"http:\/\/istvr.edu.ec\/web\/wp-content\/uploads\/2026\/03\/Normativa-de-Evaluacion-Docente.pdf\">Normativa de Evaluaci\u00f3n Docente<\/a><\/p>\n<p><a href=\"http:\/\/istvr.edu.ec\/web\/wp-content\/uploads\/2026\/03\/NORMATIVAS-DEL-PROCESO-DE-FORMACION-Y-CAPACITACION-DOCENTE_APROBADO-OCS.pdf\">Normativa de Formaci\u00f3n y Capacitaci\u00f3n docente<\/a><\/p>\n<p><a href=\"http:\/\/istvr.edu.ec\/web\/wp-content\/uploads\/2026\/03\/REGLAMENTO-INTERNO-DEL-CFISE_ISTVR_2023-II_CON-RESOLUCION-OCS.pdf\">Reglamento Interno de CFISE<\/a><\/p>\n<p><a href=\"http:\/\/istvr.edu.ec\/web\/wp-content\/uploads\/2026\/03\/Normativa-interna-del-sistema-de-seguimiento-control-evaluacion-del-proceso-docente.pdf\">Normativa interna del sistema de seguimiento control evaluaci\u00f3n del proceso docente<\/a><\/p>\n<p><a href=\"http:\/\/istvr.edu.ec\/web\/wp-content\/uploads\/2024\/09\/Normativa-Acompanamiento-Estudiantil-y-Aplicacion-de-Estimulos-Positivos.pdf\">Normativa de Acompa\u00f1amiento Estudiantil y Aplicaci\u00f3n de Est\u00edmulos Positivos<\/a><\/p>\n<p><a href=\"http:\/\/istvr.edu.ec\/web\/wp-content\/uploads\/2024\/09\/Reglamento-de-Seguimientos-a-Graduados.pdf\">Reglamento de Seguimientos a Graduados<\/a><\/p>\n<p><a href=\"http:\/\/istvr.edu.ec\/web\/wp-content\/uploads\/2024\/09\/Reglamento-del-Entorno-Virtual-de-Aprendizaje.pdf\">Reglamento del Entorno Virtual de Aprendizaje<\/a><\/p>\n<p><a href=\"http:\/\/istvr.edu.ec\/web\/wp-content\/uploads\/2026\/03\/Reglamento-de-elecciones-istvr-2022.pdf\">Reglamento de Elecciones<\/a><\/p>\n<p><a href=\"http:\/\/istvr.edu.ec\/web\/wp-content\/uploads\/2026\/03\/Normativa-Interna-de-formacion-practica-en-el-entorno-academico.pdf\">Normativa Interna de formacion practica en el entorno academico<\/a><\/p>\n<p><a href=\"http:\/\/istvr.edu.ec\/web\/wp-content\/uploads\/2025\/02\/REGLAMENTO-DE-UNIDAD-DE-SERVICIOS-DE-BIBLIOTECA-1.pdf\">Reglamento de la Unidad de Servicios de Biblioteca<\/a><\/p>\n<p><a href=\"http:\/\/istvr.edu.ec\/web\/wp-content\/uploads\/2024\/09\/Reglamento-de-Innovacion-y-Capacidad-de-Absorcion.pdf\">Reglamento de Innovacion y Capacidad de Absorcion<\/a><\/p>\n<p><span style=\"background-color: #ffffff;\"><a href=\"http:\/\/istvr.edu.ec\/web\/wp-content\/uploads\/2026\/02\/REFORMA-DEL-REGLAMENTO-DE-INVESTIGACION-ISTVR-2025-II.pdf\">Reglamento de\u00a0Investigaci\u00f3n\u00a0Cient\u00edfica, Desarrollo E Innovaci\u00f3n<\/a><\/span><\/p>\n<p><a href=\"http:\/\/istvr.edu.ec\/web\/wp-content\/uploads\/2024\/09\/Reglamento-de-Bienestar-Institucional.pdf\">Reglamento de Bienestar Institucional<\/a><\/p>\n<p><a href=\"http:\/\/istvr.edu.ec\/web\/wp-content\/uploads\/2024\/09\/Reglamento-del-Sistema-de-Evaluacion-Estudiantil.pdf\">Reglamento del Sistema de Evaluaci\u00f3n Estudiantil<\/a><\/p>\n<p><a href=\"http:\/\/istvr.edu.ec\/web\/wp-content\/uploads\/2024\/09\/Reglamento-de-Evaluacion-del-Curriculo.pdf\">Reglamento de Evaluaci\u00f3n del Curriculo<\/a> <a href=\"http:\/\/istvr.edu.ec\/web\/wp-content\/uploads\/2024\/09\/Reglamento-de-Consejo-Estudiantil.pdf\">Reglamento de Consejo Estudiantil<\/a><\/p>\n<p><a href=\"http:\/\/istvr.edu.ec\/web\/wp-content\/uploads\/2024\/09\/Reforma-al-Reglamento-de-Justificacion-de-inasistencias-y-de-entrega-recepcion-de-componentes-academicos.pdf\">Reforma al Reglamento de Justificaci\u00f3n de inasistencias y de entrega recepci\u00f3n de componentes acad\u00e9micos<\/a><\/p>\n<p>\u00a0<\/p><\/div>\n\t\t\t\t<\/div>\n\t\t\t\t\t\t\t<div class=\"elementor-accordion-item\">\n\t\t\t\t\t<div id=\"elementor-tab-title-5844\" class=\"elementor-tab-title\" data-tab=\"4\" role=\"button\" aria-controls=\"elementor-tab-content-5844\" aria-expanded=\"false\">\n\t\t\t\t\t\t\t\t\t\t\t\t\t<span class=\"elementor-accordion-icon elementor-accordion-icon-left\" aria-hidden=\"true\">\n\t\t\t\t\t\t\t\t\t\t\t\t\t\t\t<span class=\"elementor-accordion-icon-closed\"><i class=\"fas fa-plus\"><\/i><\/span>\n\t\t\t\t\t\t\t\t<span class=\"elementor-accordion-icon-opened\"><i class=\"fas fa-minus\"><\/i><\/span>\n\t\t\t\t\t\t\t\t\t\t\t\t\t\t<\/span>\n\t\t\t\t\t\t\t\t\t\t\t\t<a class=\"elementor-accordion-title\" tabindex=\"0\">Manuales, Politicas y Protocolos<\/a>\n\t\t\t\t\t<\/div>\n\t\t\t\t\t<div id=\"elementor-tab-content-5844\" class=\"elementor-tab-content elementor-clearfix\" data-tab=\"4\" role=\"region\" aria-labelledby=\"elementor-tab-title-5844\"><p><a href=\"https:\/\/drive.google.com\/file\/d\/1zn18eJDV76kWW2nasW_gSOsu_Jva5tQK\/view?usp=drive_link\">C\u00f3digo de \u00e9tica\u00a0del ISTVR<\/a><\/p>\n<p><a href=\"http:\/\/istvr.edu.ec\/web\/wp-content\/uploads\/2026\/03\/PLAN-DE-LARGO-PLAZO-DE-CAPACITACION-Y-FORMACION-DOCENTE_-RESOLUCION-OCS.pdf\">Plan de largo plazo de capacitaciones docentes<\/a><\/p>\n<p><a href=\"http:\/\/istvr.edu.ec\/web\/wp-content\/uploads\/2024\/09\/Manual-de-procedimiento-de-atencion-psicopedagogica.pdf\">Manual de procedimiento de atenci\u00f3n psicopedag\u00f3gica<\/a><\/p>\n<p><a href=\"http:\/\/istvr.edu.ec\/web\/wp-content\/uploads\/2024\/09\/Manual-del-Consejo-Estudiantil.pdf\">Manual del Consejo Estudiantil<\/a><\/p>\n<p><a href=\"http:\/\/istvr.edu.ec\/web\/wp-content\/uploads\/2024\/09\/Manual-de-Marca.pdf\">Manual de Marca<\/a><\/p>\n<p><a href=\"http:\/\/istvr.edu.ec\/web\/wp-content\/uploads\/2024\/09\/Manual-Bandera-Institucional.pdf\">Manual Bandera Institucional<\/a> <a href=\"http:\/\/istvr.edu.ec\/web\/wp-content\/uploads\/2024\/09\/Procedimientos-Politicas-y-Lineamientos-de-la-Unidad-de-Comunicacion.pdf\">Procedimientos, Pol\u00edticas y Lineamientos de la Unidad de Comunicaci\u00f3n<\/a><\/p>\n<p><a href=\"http:\/\/istvr.edu.ec\/web\/wp-content\/uploads\/2024\/10\/EVA-Manual-docentes.pdf\">Manual del uso de EVA &#8211; Docentes<\/a><\/p>\n<p><a href=\"http:\/\/istvr.edu.ec\/web\/wp-content\/uploads\/2024\/10\/EVA-Manual-estudiantes.pdf\">Manual del uso de EVA &#8211; Estudiantes<\/a><\/p>\n<p><a id=\"wp-block-file--media-e5950018-c5de-4df9-83f4-e0b3d66b196a\" style=\"caret-color: rgba(0, 0, 0, 0);\" href=\"http:\/\/istvr.edu.ec\/web\/wp-content\/uploads\/2021\/09\/Activar-cuenta-institucional-desde-PC.pdf\">Manual de activaci\u00f3n cuenta institucional (desde PC)<\/a><\/p>\n<p><a id=\"wp-block-file--media-d24031b1-2be8-4b76-bdff-2a32c7cda84e\" href=\"http:\/\/istvr.edu.ec\/web\/wp-content\/uploads\/2021\/09\/Reactivacion-de-cuenta-desde-PC-laptop.pdf\">Manual de reactivaci\u00f3n de cuenta (lpc &#8211; laptop)<\/a><\/p>\n<p><a id=\"wp-block-file--media-d339943f-f0e3-42eb-b3ef-b0ec4dcbe2a2\" href=\"http:\/\/istvr.edu.ec\/web\/wp-content\/uploads\/2021\/09\/Agregar-cuenta-en-celular-Usando-Gmail-App.pdf\">Manual de como agregar cuenta en celular (Usando Gmail App)<\/a><\/p>\n<p><!-- \/wp:file --><!-- wp:file {\"id\":963,\"href\":\"http:\/\/istvr.edu.ec\/web\/wp-content\/uploads\/2021\/09\/Activar-cuenta-institucional-desde-PC.pdf\",\"showDownloadButton\":false,\"displayPreview\":false} --><\/p>\n<p><!-- \/wp:file --><!-- wp:file {\"id\":962,\"href\":\"http:\/\/istvr.edu.ec\/web\/wp-content\/uploads\/2021\/09\/Agregar-cuenta-en-celular-Usando-Gmail-App.pdf\",\"showDownloadButton\":false,\"displayPreview\":false} --><\/p>\n<p><a href=\"http:\/\/istvr.edu.ec\/web\/wp-content\/uploads\/2024\/09\/Protocolo-de-prevencion-y-atencion-emergente-a-las-victimas-de-violencia-acoso-y-discriminacion.pdf\">Protocolo de prevenci\u00f3n y atenci\u00f3n emergente a las v\u00edctimas de violencia, acoso y discriminaci\u00f3n<\/a><\/p>\n<p><a href=\"http:\/\/istvr.edu.ec\/web\/wp-content\/uploads\/2024\/09\/Plan-Estrategico-de-Investigacion-Cientifica-Desarrollo-Tecnologico-e-Innovacion.pdf\">Plan Estrategico de Investigaci\u00f3n Cient\u00edfica, Desarrollo Tecnologico e Innovaci\u00f3n<\/a><\/p>\n<p><a href=\"http:\/\/istvr.edu.ec\/web\/wp-content\/uploads\/2024\/09\/Plan-de-aprendizaje-de-proyectos-de-Investigacion-Desarrollo-Tecnologico-e-Innovacion.pdf\">Plan de aprendizaje de proyectos de Investigaci\u00f3n Desarrollo Tecnologico e Innovaci\u00f3n<\/a><\/p>\n<p><a href=\"http:\/\/istvr.edu.ec\/web\/wp-content\/uploads\/2024\/09\/Conformacion-de-la-Comision-Cientifica-de-Investigacion-a-la-Normativa-del-Reglamento-de-Investigacion-Cientifica-Desarrollo-E-Innovacion.pdf\">Conformaci\u00f3n de la Comisi\u00f3n Cient\u00edfica de Investigaci\u00f3n a la Normativa del Reglamento de Investigaci\u00f3n Cient\u00edfica, Desarrollo E Innovaci\u00f3n<\/a><\/p>\n<p><a href=\"http:\/\/istvr.edu.ec\/web\/wp-content\/uploads\/2024\/09\/Plan-de-Adquisicion-de-Textos-de-la-Unidad-de-Servicios-de-Biblioteca.pdf\">Plan de Adquisici\u00f3n de Textos de la Unidad de Servicios de Biblioteca<\/a><\/p><\/div>\n\t\t\t\t<\/div>\n\t\t\t\t\t\t\t\t<\/div>\n\t\t\t\t<\/div>\n\t\t\t\t<\/div>\n\t\t\t\t\t<\/div>\n\t\t\t\t<\/div>\n\t\t\t\t\t\t\t<\/div>\n\t\t","protected":false},"excerpt":{"rendered":"<p>REGLAMENTOS, NORMATIVAS Y MANUALES Base Legal Ley Org\u00e1nica de Educaci\u00f3n Superior Reglamento de R\u00e9gimen Acad\u00e9mico Institucional Estatuto Institucional Estatuto Institucional Reglamentos y\/o [&hellip;]<\/p>\n","protected":false},"author":1,"featured_media":0,"parent":0,"menu_order":0,"comment_status":"closed","ping_status":"closed","template":"","meta":{"pgc_sgb_lightbox_settings":"","footnotes":""},"class_list":["post-4888","page","type-page","status-publish","hentry"],"_links":{"self":[{"href":"https:\/\/istvr.edu.ec\/web\/wp-json\/wp\/v2\/pages\/4888","targetHints":{"allow":["GET"]}}],"collection":[{"href":"https:\/\/istvr.edu.ec\/web\/wp-json\/wp\/v2\/pages"}],"about":[{"href":"https:\/\/istvr.edu.ec\/web\/wp-json\/wp\/v2\/types\/page"}],"author":[{"embeddable":true,"href":"https:\/\/istvr.edu.ec\/web\/wp-json\/wp\/v2\/users\/1"}],"replies":[{"embeddable":true,"href":"https:\/\/istvr.edu.ec\/web\/wp-json\/wp\/v2\/comments?post=4888"}],"version-history":[{"count":204,"href":"https:\/\/istvr.edu.ec\/web\/wp-json\/wp\/v2\/pages\/4888\/revisions"}],"predecessor-version":[{"id":8351,"href":"https:\/\/istvr.edu.ec\/web\/wp-json\/wp\/v2\/pages\/4888\/revisions\/8351"}],"wp:attachment":[{"href":"https:\/\/istvr.edu.ec\/web\/wp-json\/wp\/v2\/media?parent=4888"}],"curies":[{"name":"wp","href":"https:\/\/api.w.org\/{rel}","templated":true}]}}