{"id":3101,"date":"2023-06-19T16:01:27","date_gmt":"2023-06-19T21:01:27","guid":{"rendered":"https:\/\/istvr.edu.ec\/web\/?page_id=3101"},"modified":"2023-06-30T16:41:34","modified_gmt":"2023-06-30T21:41:34","slug":"rendicion-cuentas-2022","status":"publish","type":"page","link":"https:\/\/istvr.edu.ec\/web\/rendicion-cuentas-2022\/","title":{"rendered":"Rendici\u00f3n de Cuentas 2022"},"content":{"rendered":"\n<h2 class=\"wp-block-heading\"><strong>Fase 0<\/strong><\/h2>\n\n\n\n<ul class=\"wp-block-list\">\n<li><a href=\"http:\/\/istvr.edu.ec\/web\/wp-content\/uploads\/2023\/06\/CONFORMACION-DE-EQUIPO-DE-TRABAJO-ISTVR.pdf\" target=\"_blank\" rel=\"noreferrer noopener\">Conformaci\u00f3n de equipo de trabajo<\/a><\/li>\n\n\n\n<li><a href=\"http:\/\/istvr.edu.ec\/web\/wp-content\/uploads\/2023\/06\/DISENO-DE-LA-PROPUESTA-DEL-PROCESO-DE-RENDICION-DE-CUENTAS-2023.pdf\" target=\"_blank\" rel=\"noreferrer noopener\">Dise\u00f1o de la propuesta del proceso de rendici\u00f3n de cuentas<\/a><\/li>\n<\/ul>\n\n\n\n<h2 class=\"wp-block-heading\"><strong>Fase 1<\/strong><\/h2>\n\n\n\n<ul class=\"wp-block-list\">\n<li><a href=\"https:\/\/drive.google.com\/drive\/folders\/17DWmSzF1h0xJACOj8yIB94_r0sxk-x1S?usp=drive_link\" target=\"_blank\" rel=\"noreferrer noopener\">Evaluaci\u00f3n de la gesti\u00f3n institucional<\/a><\/li>\n\n\n\n<li><a href=\"https:\/\/drive.google.com\/drive\/folders\/1kaMDXxROq-ATJk529zxl8DWkt7GpTQaW?usp=drive_link\" target=\"_blank\" rel=\"noreferrer noopener\">Llenado del formulario de informe de rendici\u00f3n de cuentas establecido por el CPCCS<\/a><\/li>\n\n\n\n<li><a href=\"http:\/\/istvr.edu.ec\/web\/wp-content\/uploads\/2023\/06\/INFORME-DE-RENDICION-DE-CUENTAS-2022.pdf\" target=\"_blank\" rel=\"noreferrer noopener\">Redacci\u00f3n del informe de rendici\u00f3n de cuentas<\/a><\/li>\n\n\n\n<li><a href=\"https:\/\/drive.google.com\/drive\/folders\/1mtyYFrqBHSUTTQ_CNq5MqLydeTXBBEOJ?usp=drive_link\" target=\"_blank\" rel=\"noreferrer noopener\">Socializaci\u00f3n interna y aprobaci\u00f3n del informe de rendici\u00f3n de cuentas por parte de los responsables<\/a><\/li>\n<\/ul>\n\n\n\n<h2 class=\"wp-block-heading\"><strong>Fase 2<\/strong><\/h2>\n\n\n\n<ul class=\"wp-block-list\">\n<li><a href=\"https:\/\/drive.google.com\/drive\/folders\/1kvtpL2r-e-_aNahayc4Dua-efwXA8QPl?usp=drive_link\" target=\"_blank\" rel=\"noreferrer noopener\">Difusi\u00f3n del informe de rendici\u00f3n de cuentas a trav\u00e9s de distintos medios<\/a><\/li>\n\n\n\n<li><a href=\"https:\/\/drive.google.com\/drive\/folders\/1mOqELjUDqVWiguRiF12NQy70MjUuY_VA?usp=drive_link\" target=\"_blank\" rel=\"noreferrer noopener\">Planificaci\u00f3n de los eventos participativos<\/a><\/li>\n\n\n\n<li><a href=\"https:\/\/drive.google.com\/drive\/folders\/1bcwXhs_avFhb0ZdRjtW6dH85VKVtrXxI?usp=drive_link\" target=\"_blank\" rel=\"noreferrer noopener\">Realizaci\u00f3n del evento de Rendici\u00f3n de cuentas a la ciudadan\u00eda<\/a><\/li>\n\n\n\n<li><a href=\"https:\/\/drive.google.com\/drive\/folders\/1S0EaExgGMhmVJzInxX4ad5xQmcbU-qI7?usp=drive_link\" target=\"_blank\" rel=\"noreferrer noopener\">Rindi\u00f3 cuentas a la ciudadan\u00eda en la plazo establecido<\/a><\/li>\n\n\n\n<li><a href=\"https:\/\/drive.google.com\/drive\/folders\/1N-uiXMkgdDwMIjBSg1MrYTlAJmh12q61?usp=drive_link\" target=\"_blank\" rel=\"noreferrer noopener\">Incorporaci\u00f3n de los aportes ciudadanos en el informe de rendici\u00f3n de cuentas<\/a><\/li>\n<\/ul>\n\n\n\n<h2 class=\"wp-block-heading\"><strong>Fase 3<\/strong><\/h2>\n\n\n\n<ul class=\"wp-block-list\">\n<li><a href=\"https:\/\/drive.google.com\/drive\/folders\/1_r6Yt0FwzEmdtcMZVBPWfrDwNyy4PI7H?usp=drive_link\" target=\"_blank\" rel=\"noreferrer noopener\">Entrega del informe de rendici\u00f3n de cuentas al CPCCS, a trav\u00e9s del ingreso del informe en el sistema virtual<\/a><\/li>\n<\/ul>\n","protected":false},"excerpt":{"rendered":"<p>Fase 0 Fase 1 Fase 2 Fase 3<\/p>\n","protected":false},"author":1,"featured_media":0,"parent":0,"menu_order":0,"comment_status":"closed","ping_status":"closed","template":"","meta":{"pgc_sgb_lightbox_settings":"","footnotes":""},"class_list":["post-3101","page","type-page","status-publish","hentry"],"yoast_head":"<!-- This site is optimized with the Yoast SEO plugin v27.5 - https:\/\/yoast.com\/product\/yoast-seo-wordpress\/ -->\n<title>Rendici\u00f3n de Cuentas 2022 -<\/title>\n<meta name=\"robots\" content=\"index, follow, max-snippet:-1, max-image-preview:large, max-video-preview:-1\" \/>\n<link rel=\"canonical\" href=\"https:\/\/istvr.edu.ec\/web\/rendicion-cuentas-2022\/\" \/>\n<meta property=\"og:locale\" content=\"es_ES\" \/>\n<meta property=\"og:type\" content=\"article\" \/>\n<meta property=\"og:title\" content=\"Rendici\u00f3n de Cuentas 2022 -\" \/>\n<meta property=\"og:description\" content=\"Fase 0 Fase 1 Fase 2 Fase 3\" \/>\n<meta property=\"og:url\" content=\"https:\/\/istvr.edu.ec\/web\/rendicion-cuentas-2022\/\" \/>\n<meta property=\"article:publisher\" content=\"https:\/\/www.facebook.com\/ISTVR\" \/>\n<meta property=\"article:modified_time\" content=\"2023-06-30T21:41:34+00:00\" \/>\n<meta name=\"twitter:card\" content=\"summary_large_image\" \/>\n<meta name=\"twitter:site\" content=\"@istvr_edu_ec\" \/>\n<meta name=\"twitter:label1\" content=\"Tiempo de lectura\" \/>\n\t<meta name=\"twitter:data1\" content=\"1 minuto\" \/>\n<script type=\"application\/ld+json\" class=\"yoast-schema-graph\">{\"@context\":\"https:\\\/\\\/schema.org\",\"@graph\":[{\"@type\":\"WebPage\",\"@id\":\"https:\\\/\\\/istvr.edu.ec\\\/web\\\/rendicion-cuentas-2022\\\/\",\"url\":\"https:\\\/\\\/istvr.edu.ec\\\/web\\\/rendicion-cuentas-2022\\\/\",\"name\":\"Rendici\u00f3n de Cuentas 2022 -\",\"isPartOf\":{\"@id\":\"https:\\\/\\\/istvr.edu.ec\\\/web\\\/#website\"},\"datePublished\":\"2023-06-19T21:01:27+00:00\",\"dateModified\":\"2023-06-30T21:41:34+00:00\",\"breadcrumb\":{\"@id\":\"https:\\\/\\\/istvr.edu.ec\\\/web\\\/rendicion-cuentas-2022\\\/#breadcrumb\"},\"inLanguage\":\"es\",\"potentialAction\":[{\"@type\":\"ReadAction\",\"target\":[\"https:\\\/\\\/istvr.edu.ec\\\/web\\\/rendicion-cuentas-2022\\\/\"]}]},{\"@type\":\"BreadcrumbList\",\"@id\":\"https:\\\/\\\/istvr.edu.ec\\\/web\\\/rendicion-cuentas-2022\\\/#breadcrumb\",\"itemListElement\":[{\"@type\":\"ListItem\",\"position\":1,\"name\":\"Portada\",\"item\":\"https:\\\/\\\/istvr.edu.ec\\\/web\\\/\"},{\"@type\":\"ListItem\",\"position\":2,\"name\":\"Rendici\u00f3n de Cuentas 2022\"}]},{\"@type\":\"WebSite\",\"@id\":\"https:\\\/\\\/istvr.edu.ec\\\/web\\\/#website\",\"url\":\"https:\\\/\\\/istvr.edu.ec\\\/web\\\/\",\"name\":\"https:\\\/\\\/istvr.edu.ec\\\/web\\\/\",\"description\":\"\",\"potentialAction\":[{\"@type\":\"SearchAction\",\"target\":{\"@type\":\"EntryPoint\",\"urlTemplate\":\"https:\\\/\\\/istvr.edu.ec\\\/web\\\/?s={search_term_string}\"},\"query-input\":{\"@type\":\"PropertyValueSpecification\",\"valueRequired\":true,\"valueName\":\"search_term_string\"}}],\"inLanguage\":\"es\"}]}<\/script>\n<!-- \/ Yoast SEO plugin. -->","yoast_head_json":{"title":"Rendici\u00f3n de Cuentas 2022 -","robots":{"index":"index","follow":"follow","max-snippet":"max-snippet:-1","max-image-preview":"max-image-preview:large","max-video-preview":"max-video-preview:-1"},"canonical":"https:\/\/istvr.edu.ec\/web\/rendicion-cuentas-2022\/","og_locale":"es_ES","og_type":"article","og_title":"Rendici\u00f3n de Cuentas 2022 -","og_description":"Fase 0 Fase 1 Fase 2 Fase 3","og_url":"https:\/\/istvr.edu.ec\/web\/rendicion-cuentas-2022\/","article_publisher":"https:\/\/www.facebook.com\/ISTVR","article_modified_time":"2023-06-30T21:41:34+00:00","twitter_card":"summary_large_image","twitter_site":"@istvr_edu_ec","twitter_misc":{"Tiempo de lectura":"1 minuto"},"schema":{"@context":"https:\/\/schema.org","@graph":[{"@type":"WebPage","@id":"https:\/\/istvr.edu.ec\/web\/rendicion-cuentas-2022\/","url":"https:\/\/istvr.edu.ec\/web\/rendicion-cuentas-2022\/","name":"Rendici\u00f3n de Cuentas 2022 -","isPartOf":{"@id":"https:\/\/istvr.edu.ec\/web\/#website"},"datePublished":"2023-06-19T21:01:27+00:00","dateModified":"2023-06-30T21:41:34+00:00","breadcrumb":{"@id":"https:\/\/istvr.edu.ec\/web\/rendicion-cuentas-2022\/#breadcrumb"},"inLanguage":"es","potentialAction":[{"@type":"ReadAction","target":["https:\/\/istvr.edu.ec\/web\/rendicion-cuentas-2022\/"]}]},{"@type":"BreadcrumbList","@id":"https:\/\/istvr.edu.ec\/web\/rendicion-cuentas-2022\/#breadcrumb","itemListElement":[{"@type":"ListItem","position":1,"name":"Portada","item":"https:\/\/istvr.edu.ec\/web\/"},{"@type":"ListItem","position":2,"name":"Rendici\u00f3n de Cuentas 2022"}]},{"@type":"WebSite","@id":"https:\/\/istvr.edu.ec\/web\/#website","url":"https:\/\/istvr.edu.ec\/web\/","name":"https:\/\/istvr.edu.ec\/web\/","description":"","potentialAction":[{"@type":"SearchAction","target":{"@type":"EntryPoint","urlTemplate":"https:\/\/istvr.edu.ec\/web\/?s={search_term_string}"},"query-input":{"@type":"PropertyValueSpecification","valueRequired":true,"valueName":"search_term_string"}}],"inLanguage":"es"}]}},"_links":{"self":[{"href":"https:\/\/istvr.edu.ec\/web\/wp-json\/wp\/v2\/pages\/3101","targetHints":{"allow":["GET"]}}],"collection":[{"href":"https:\/\/istvr.edu.ec\/web\/wp-json\/wp\/v2\/pages"}],"about":[{"href":"https:\/\/istvr.edu.ec\/web\/wp-json\/wp\/v2\/types\/page"}],"author":[{"embeddable":true,"href":"https:\/\/istvr.edu.ec\/web\/wp-json\/wp\/v2\/users\/1"}],"replies":[{"embeddable":true,"href":"https:\/\/istvr.edu.ec\/web\/wp-json\/wp\/v2\/comments?post=3101"}],"version-history":[{"count":10,"href":"https:\/\/istvr.edu.ec\/web\/wp-json\/wp\/v2\/pages\/3101\/revisions"}],"predecessor-version":[{"id":3137,"href":"https:\/\/istvr.edu.ec\/web\/wp-json\/wp\/v2\/pages\/3101\/revisions\/3137"}],"wp:attachment":[{"href":"https:\/\/istvr.edu.ec\/web\/wp-json\/wp\/v2\/media?parent=3101"}],"curies":[{"name":"wp","href":"https:\/\/api.w.org\/{rel}","templated":true}]}}