{"id":1349,"date":"2021-10-23T10:56:30","date_gmt":"2021-10-23T15:56:30","guid":{"rendered":"http:\/\/istvr.edu.ec\/web\/?page_id=1349"},"modified":"2026-03-17T11:06:40","modified_gmt":"2026-03-17T16:06:40","slug":"rectorado-istvr","status":"publish","type":"page","link":"https:\/\/istvr.edu.ec\/web\/rectorado-istvr\/","title":{"rendered":"Rectorado ISTVR"},"content":{"rendered":"\t\t<div data-elementor-type=\"wp-page\" data-elementor-id=\"1349\" class=\"elementor elementor-1349\">\n\t\t\t\t\t\t\t<div class=\"elementor-element elementor-element-3c4a5d8 e-flex e-con-boxed e-con e-parent\" data-id=\"3c4a5d8\" data-element_type=\"container\" data-settings=\"{&quot;content_width&quot;:&quot;boxed&quot;}\" data-core-v316-plus=\"true\">\n\t\t\t\t\t<div class=\"e-con-inner\">\n\t\t\t\t<div class=\"elementor-element elementor-element-884f613 elementor-widget elementor-widget-heading\" data-id=\"884f613\" data-element_type=\"widget\" data-widget_type=\"heading.default\">\n\t\t\t\t<div class=\"elementor-widget-container\">\n\t\t\t<style>\/*! elementor - v3.16.0 - 12-09-2023 *\/\n.elementor-heading-title{padding:0;margin:0;line-height:1}.elementor-widget-heading .elementor-heading-title[class*=elementor-size-]>a{color:inherit;font-size:inherit;line-height:inherit}.elementor-widget-heading .elementor-heading-title.elementor-size-small{font-size:15px}.elementor-widget-heading .elementor-heading-title.elementor-size-medium{font-size:19px}.elementor-widget-heading .elementor-heading-title.elementor-size-large{font-size:29px}.elementor-widget-heading .elementor-heading-title.elementor-size-xl{font-size:39px}.elementor-widget-heading .elementor-heading-title.elementor-size-xxl{font-size:59px}<\/style><h2 class=\"elementor-heading-title elementor-size-default\">RECTORADO ISTVR<\/h2>\t\t<\/div>\n\t\t\t\t<\/div>\n\t\t\t\t\t<\/div>\n\t\t\t\t<\/div>\n\t\t<div class=\"elementor-element elementor-element-86c55ba e-flex e-con-boxed e-con e-parent\" data-id=\"86c55ba\" data-element_type=\"container\" data-settings=\"{&quot;content_width&quot;:&quot;boxed&quot;}\" data-core-v316-plus=\"true\">\n\t\t\t\t\t<div class=\"e-con-inner\">\n\t\t\t\t<div class=\"elementor-element elementor-element-3de1217 elementor-widget elementor-widget-image\" data-id=\"3de1217\" data-element_type=\"widget\" data-widget_type=\"image.default\">\n\t\t\t\t<div class=\"elementor-widget-container\">\n\t\t\t<style>\/*! elementor - v3.16.0 - 12-09-2023 *\/\n.elementor-widget-image{text-align:center}.elementor-widget-image a{display:inline-block}.elementor-widget-image a img[src$=\".svg\"]{width:48px}.elementor-widget-image img{vertical-align:middle;display:inline-block}<\/style>\t\t\t\t\t\t\t\t\t\t\t\t<img loading=\"lazy\" decoding=\"async\" width=\"1024\" height=\"683\" src=\"https:\/\/istvr.edu.ec\/web\/wp-content\/uploads\/2026\/03\/WhatsApp-Image-2026-03-10-at-12.37.38-1024x683.jpeg\" class=\"attachment-large size-large wp-image-8004\" alt=\"\" srcset=\"https:\/\/istvr.edu.ec\/web\/wp-content\/uploads\/2026\/03\/WhatsApp-Image-2026-03-10-at-12.37.38-1024x683.jpeg 1024w, https:\/\/istvr.edu.ec\/web\/wp-content\/uploads\/2026\/03\/WhatsApp-Image-2026-03-10-at-12.37.38-300x200.jpeg 300w, https:\/\/istvr.edu.ec\/web\/wp-content\/uploads\/2026\/03\/WhatsApp-Image-2026-03-10-at-12.37.38-768x512.jpeg 768w, https:\/\/istvr.edu.ec\/web\/wp-content\/uploads\/2026\/03\/WhatsApp-Image-2026-03-10-at-12.37.38-1000x667.jpeg 1000w, https:\/\/istvr.edu.ec\/web\/wp-content\/uploads\/2026\/03\/WhatsApp-Image-2026-03-10-at-12.37.38-230x153.jpeg 230w, https:\/\/istvr.edu.ec\/web\/wp-content\/uploads\/2026\/03\/WhatsApp-Image-2026-03-10-at-12.37.38-350x233.jpeg 350w, https:\/\/istvr.edu.ec\/web\/wp-content\/uploads\/2026\/03\/WhatsApp-Image-2026-03-10-at-12.37.38-480x320.jpeg 480w, https:\/\/istvr.edu.ec\/web\/wp-content\/uploads\/2026\/03\/WhatsApp-Image-2026-03-10-at-12.37.38.jpeg 1248w\" sizes=\"auto, (max-width: 1024px) 100vw, 1024px\" \/>\t\t\t\t\t\t\t\t\t\t\t\t\t\t\t<\/div>\n\t\t\t\t<\/div>\n\t\t\t\t\t<\/div>\n\t\t\t\t<\/div>\n\t\t<div class=\"elementor-element elementor-element-fc7de7e e-flex e-con-boxed e-con e-parent\" data-id=\"fc7de7e\" data-element_type=\"container\" data-settings=\"{&quot;content_width&quot;:&quot;boxed&quot;}\" data-core-v316-plus=\"true\">\n\t\t\t\t\t<div class=\"e-con-inner\">\n\t\t\t\t<div class=\"elementor-element elementor-element-1772cc0 elementor-widget__width-initial elementor-widget elementor-widget-text-editor\" data-id=\"1772cc0\" data-element_type=\"widget\" data-widget_type=\"text-editor.default\">\n\t\t\t\t<div class=\"elementor-widget-container\">\n\t\t\t<style>\/*! elementor - v3.16.0 - 12-09-2023 *\/\n.elementor-widget-text-editor.elementor-drop-cap-view-stacked .elementor-drop-cap{background-color:#69727d;color:#fff}.elementor-widget-text-editor.elementor-drop-cap-view-framed .elementor-drop-cap{color:#69727d;border:3px solid;background-color:transparent}.elementor-widget-text-editor:not(.elementor-drop-cap-view-default) .elementor-drop-cap{margin-top:8px}.elementor-widget-text-editor:not(.elementor-drop-cap-view-default) .elementor-drop-cap-letter{width:1em;height:1em}.elementor-widget-text-editor .elementor-drop-cap{float:left;text-align:center;line-height:1;font-size:50px}.elementor-widget-text-editor .elementor-drop-cap-letter{display:inline-block}<\/style>\t\t\t\t<p>Mag\u00edster Javier Antonio Constantine Castro es el actual Rector del Instituto Superior Tecnol\u00f3gico Vicente Rocafuerte, destac\u00e1ndose por su s\u00f3lida formaci\u00f3n acad\u00e9mica y vasta experiencia en el \u00e1mbito educativo y financiero.<\/p><p>Educaci\u00f3n:<br \/>\u2022 Ingeniero Comercial &#8211; Escuela Polit\u00e9cnica Javeriana del Ecuador. (2003)<br \/>\u2022 Maestr\u00eda en Administraci\u00f3n de Empresas &#8211; Universidad de Guayaquil.(2005)<br \/>\u2022 Diplomado Superior en Auditor\u00eda en Instituciones de Microfinanzas &#8211; Universidad Polit\u00e9cnica Salesiana. (2010)<br \/>\u2022 Diplomado Internacional en An\u00e1lisis y Propuesta de Valor de Modelo de Negocios &#8211; Universidad Aut\u00f3noma Metropolitana, M\u00e9xico (2021).<br \/>\u2022 Certificaci\u00f3n de Competencias Laborales en Formador de Formadores Mikampus &#8211; Ministerio de Trabajo, Quito, Ecuador (2021).<br \/>\u2022 Especialidad en Negocios Internacionales en la UBA de Argentina.<\/p><p>Experiencia Acad\u00e9mica: Desde 2016, el Mag\u00edster Constantine ha ejercido como docente en la Universidad Estatal de Guayaquil, impartiendo asignaturas administrativas y de finanzas. Adem\u00e1s, se ha desempe\u00f1ado como gestor de pr\u00e1cticas preprofesionales, gestor de titulaci\u00f3n, gestor de incubadoras de empresas, y miembro del comit\u00e9 de Salud y Seguridad Ocupacional. Contribuyendo al desarrollo acad\u00e9mico como docente de Ingenier\u00eda en Tributaci\u00f3n y Finanzas y Licenciatura en Finanzas, tutor de tesis de grado, gestor del semillero de investigaci\u00f3n, gestor del bienestar estudiantil, y miembro del Comit\u00e9 Paritario FCA de la Universidad de Guayaquil. Docente de la la Universidad de Chiapas de M\u00e9xico<\/p><p>Experiencia Profesional: Ha ocupado diversos cargos relevantes, tales como:<br \/>\u2022 Gerente Administrativo y Financiero &#8211; PROMASA S.A.<br \/>\u2022 Jefe de Sucursales y Agencias &#8211; Entidades financieras.<br \/>\u2022 Jefe de Auditor\u00eda y Control Operativo &#8211; Banco Bolivariano.<br \/>\u2022 Consultor de la Direcci\u00f3n Financiera &#8211; Comisi\u00f3n de Tr\u00e1nsito del Guayas.<\/p><p>Capacitaciones Adicionales: Durante su carrera, el Mag\u00edster Constantine se ha<br \/>capacitado en \u00e1reas como seguridad integral y manejo de crisis, servicio de calidad, y<br \/>liderazgo basado en valores.<\/p><p>\u00c1reas de Competencia:<br \/>\u2022 Auditor\u00eda.<br \/>\u2022 Riesgo Operativo.<br \/>\u2022 Control Interno.<br \/>\u2022 Elaboraci\u00f3n de Pol\u00edticas y Procedimientos.<br \/>\u2022 Microfinanzas de Sectores Vulnerables.<br \/>\u2022 Operaciones.<br \/>\u2022 Servicios al Cliente.<br \/>\u2022 Coordinaci\u00f3n de Divisi\u00f3n Administrativa.<br \/>\u2022 Oficial de Cumplimiento.<br \/>\u2022 Mentor\u00eda de Emprendedores.<br \/>En la actualidad, sigue su compromiso con la educaci\u00f3n y el desarrollo institucional ahora siendo un pilar fundamental para el Instituto Superior Tecnol\u00f3gico Vicente Rocafuerte.<\/p>\t\t\t\t\t\t<\/div>\n\t\t\t\t<\/div>\n\t\t\t\t\t<\/div>\n\t\t\t\t<\/div>\n\t\t\t\t\t\t\t<\/div>\n\t\t","protected":false},"excerpt":{"rendered":"<p>RECTORADO ISTVR Mag\u00edster Javier Antonio Constantine Castro es el actual Rector del Instituto Superior Tecnol\u00f3gico Vicente Rocafuerte, destac\u00e1ndose por su s\u00f3lida formaci\u00f3n [&hellip;]<\/p>\n","protected":false},"author":1,"featured_media":0,"parent":0,"menu_order":0,"comment_status":"closed","ping_status":"closed","template":"","meta":{"pgc_sgb_lightbox_settings":"","footnotes":""},"class_list":["post-1349","page","type-page","status-publish","hentry"],"yoast_head":"<!-- This site is optimized with the Yoast SEO plugin v27.5 - https:\/\/yoast.com\/product\/yoast-seo-wordpress\/ -->\n<title>Rectorado ISTVR -<\/title>\n<meta name=\"robots\" content=\"index, follow, max-snippet:-1, max-image-preview:large, max-video-preview:-1\" \/>\n<link rel=\"canonical\" href=\"https:\/\/istvr.edu.ec\/web\/rectorado-istvr\/\" \/>\n<meta property=\"og:locale\" content=\"es_ES\" \/>\n<meta property=\"og:type\" content=\"article\" \/>\n<meta property=\"og:title\" content=\"Rectorado ISTVR -\" \/>\n<meta property=\"og:description\" content=\"RECTORADO ISTVR Mag\u00edster Javier Antonio Constantine Castro es el actual Rector del Instituto Superior Tecnol\u00f3gico Vicente Rocafuerte, destac\u00e1ndose por su s\u00f3lida formaci\u00f3n [&hellip;]\" \/>\n<meta property=\"og:url\" content=\"https:\/\/istvr.edu.ec\/web\/rectorado-istvr\/\" \/>\n<meta property=\"article:publisher\" content=\"https:\/\/www.facebook.com\/ISTVR\" \/>\n<meta property=\"article:modified_time\" content=\"2026-03-17T16:06:40+00:00\" \/>\n<meta property=\"og:image\" content=\"http:\/\/istvr.edu.ec\/web\/wp-content\/uploads\/2026\/03\/WhatsApp-Image-2026-03-10-at-12.37.38-1024x683.jpeg\" \/>\n<meta name=\"twitter:card\" content=\"summary_large_image\" \/>\n<meta name=\"twitter:site\" content=\"@istvr_edu_ec\" \/>\n<meta name=\"twitter:label1\" content=\"Tiempo de lectura\" \/>\n\t<meta name=\"twitter:data1\" content=\"2 minutos\" \/>\n<script type=\"application\/ld+json\" class=\"yoast-schema-graph\">{\"@context\":\"https:\\\/\\\/schema.org\",\"@graph\":[{\"@type\":\"WebPage\",\"@id\":\"https:\\\/\\\/istvr.edu.ec\\\/web\\\/rectorado-istvr\\\/\",\"url\":\"https:\\\/\\\/istvr.edu.ec\\\/web\\\/rectorado-istvr\\\/\",\"name\":\"Rectorado ISTVR -\",\"isPartOf\":{\"@id\":\"https:\\\/\\\/istvr.edu.ec\\\/web\\\/#website\"},\"primaryImageOfPage\":{\"@id\":\"https:\\\/\\\/istvr.edu.ec\\\/web\\\/rectorado-istvr\\\/#primaryimage\"},\"image\":{\"@id\":\"https:\\\/\\\/istvr.edu.ec\\\/web\\\/rectorado-istvr\\\/#primaryimage\"},\"thumbnailUrl\":\"http:\\\/\\\/istvr.edu.ec\\\/web\\\/wp-content\\\/uploads\\\/2026\\\/03\\\/WhatsApp-Image-2026-03-10-at-12.37.38-1024x683.jpeg\",\"datePublished\":\"2021-10-23T15:56:30+00:00\",\"dateModified\":\"2026-03-17T16:06:40+00:00\",\"breadcrumb\":{\"@id\":\"https:\\\/\\\/istvr.edu.ec\\\/web\\\/rectorado-istvr\\\/#breadcrumb\"},\"inLanguage\":\"es\",\"potentialAction\":[{\"@type\":\"ReadAction\",\"target\":[\"https:\\\/\\\/istvr.edu.ec\\\/web\\\/rectorado-istvr\\\/\"]}]},{\"@type\":\"ImageObject\",\"inLanguage\":\"es\",\"@id\":\"https:\\\/\\\/istvr.edu.ec\\\/web\\\/rectorado-istvr\\\/#primaryimage\",\"url\":\"http:\\\/\\\/istvr.edu.ec\\\/web\\\/wp-content\\\/uploads\\\/2026\\\/03\\\/WhatsApp-Image-2026-03-10-at-12.37.38-1024x683.jpeg\",\"contentUrl\":\"http:\\\/\\\/istvr.edu.ec\\\/web\\\/wp-content\\\/uploads\\\/2026\\\/03\\\/WhatsApp-Image-2026-03-10-at-12.37.38-1024x683.jpeg\"},{\"@type\":\"BreadcrumbList\",\"@id\":\"https:\\\/\\\/istvr.edu.ec\\\/web\\\/rectorado-istvr\\\/#breadcrumb\",\"itemListElement\":[{\"@type\":\"ListItem\",\"position\":1,\"name\":\"Portada\",\"item\":\"https:\\\/\\\/istvr.edu.ec\\\/web\\\/\"},{\"@type\":\"ListItem\",\"position\":2,\"name\":\"Rectorado ISTVR\"}]},{\"@type\":\"WebSite\",\"@id\":\"https:\\\/\\\/istvr.edu.ec\\\/web\\\/#website\",\"url\":\"https:\\\/\\\/istvr.edu.ec\\\/web\\\/\",\"name\":\"https:\\\/\\\/istvr.edu.ec\\\/web\\\/\",\"description\":\"\",\"potentialAction\":[{\"@type\":\"SearchAction\",\"target\":{\"@type\":\"EntryPoint\",\"urlTemplate\":\"https:\\\/\\\/istvr.edu.ec\\\/web\\\/?s={search_term_string}\"},\"query-input\":{\"@type\":\"PropertyValueSpecification\",\"valueRequired\":true,\"valueName\":\"search_term_string\"}}],\"inLanguage\":\"es\"}]}<\/script>\n<!-- \/ Yoast SEO plugin. -->","yoast_head_json":{"title":"Rectorado ISTVR -","robots":{"index":"index","follow":"follow","max-snippet":"max-snippet:-1","max-image-preview":"max-image-preview:large","max-video-preview":"max-video-preview:-1"},"canonical":"https:\/\/istvr.edu.ec\/web\/rectorado-istvr\/","og_locale":"es_ES","og_type":"article","og_title":"Rectorado ISTVR -","og_description":"RECTORADO ISTVR Mag\u00edster Javier Antonio Constantine Castro es el actual Rector del Instituto Superior Tecnol\u00f3gico Vicente Rocafuerte, destac\u00e1ndose por su s\u00f3lida formaci\u00f3n [&hellip;]","og_url":"https:\/\/istvr.edu.ec\/web\/rectorado-istvr\/","article_publisher":"https:\/\/www.facebook.com\/ISTVR","article_modified_time":"2026-03-17T16:06:40+00:00","og_image":[{"url":"http:\/\/istvr.edu.ec\/web\/wp-content\/uploads\/2026\/03\/WhatsApp-Image-2026-03-10-at-12.37.38-1024x683.jpeg","type":"","width":"","height":""}],"twitter_card":"summary_large_image","twitter_site":"@istvr_edu_ec","twitter_misc":{"Tiempo de lectura":"2 minutos"},"schema":{"@context":"https:\/\/schema.org","@graph":[{"@type":"WebPage","@id":"https:\/\/istvr.edu.ec\/web\/rectorado-istvr\/","url":"https:\/\/istvr.edu.ec\/web\/rectorado-istvr\/","name":"Rectorado ISTVR -","isPartOf":{"@id":"https:\/\/istvr.edu.ec\/web\/#website"},"primaryImageOfPage":{"@id":"https:\/\/istvr.edu.ec\/web\/rectorado-istvr\/#primaryimage"},"image":{"@id":"https:\/\/istvr.edu.ec\/web\/rectorado-istvr\/#primaryimage"},"thumbnailUrl":"http:\/\/istvr.edu.ec\/web\/wp-content\/uploads\/2026\/03\/WhatsApp-Image-2026-03-10-at-12.37.38-1024x683.jpeg","datePublished":"2021-10-23T15:56:30+00:00","dateModified":"2026-03-17T16:06:40+00:00","breadcrumb":{"@id":"https:\/\/istvr.edu.ec\/web\/rectorado-istvr\/#breadcrumb"},"inLanguage":"es","potentialAction":[{"@type":"ReadAction","target":["https:\/\/istvr.edu.ec\/web\/rectorado-istvr\/"]}]},{"@type":"ImageObject","inLanguage":"es","@id":"https:\/\/istvr.edu.ec\/web\/rectorado-istvr\/#primaryimage","url":"http:\/\/istvr.edu.ec\/web\/wp-content\/uploads\/2026\/03\/WhatsApp-Image-2026-03-10-at-12.37.38-1024x683.jpeg","contentUrl":"http:\/\/istvr.edu.ec\/web\/wp-content\/uploads\/2026\/03\/WhatsApp-Image-2026-03-10-at-12.37.38-1024x683.jpeg"},{"@type":"BreadcrumbList","@id":"https:\/\/istvr.edu.ec\/web\/rectorado-istvr\/#breadcrumb","itemListElement":[{"@type":"ListItem","position":1,"name":"Portada","item":"https:\/\/istvr.edu.ec\/web\/"},{"@type":"ListItem","position":2,"name":"Rectorado ISTVR"}]},{"@type":"WebSite","@id":"https:\/\/istvr.edu.ec\/web\/#website","url":"https:\/\/istvr.edu.ec\/web\/","name":"https:\/\/istvr.edu.ec\/web\/","description":"","potentialAction":[{"@type":"SearchAction","target":{"@type":"EntryPoint","urlTemplate":"https:\/\/istvr.edu.ec\/web\/?s={search_term_string}"},"query-input":{"@type":"PropertyValueSpecification","valueRequired":true,"valueName":"search_term_string"}}],"inLanguage":"es"}]}},"_links":{"self":[{"href":"https:\/\/istvr.edu.ec\/web\/wp-json\/wp\/v2\/pages\/1349","targetHints":{"allow":["GET"]}}],"collection":[{"href":"https:\/\/istvr.edu.ec\/web\/wp-json\/wp\/v2\/pages"}],"about":[{"href":"https:\/\/istvr.edu.ec\/web\/wp-json\/wp\/v2\/types\/page"}],"author":[{"embeddable":true,"href":"https:\/\/istvr.edu.ec\/web\/wp-json\/wp\/v2\/users\/1"}],"replies":[{"embeddable":true,"href":"https:\/\/istvr.edu.ec\/web\/wp-json\/wp\/v2\/comments?post=1349"}],"version-history":[{"count":39,"href":"https:\/\/istvr.edu.ec\/web\/wp-json\/wp\/v2\/pages\/1349\/revisions"}],"predecessor-version":[{"id":8082,"href":"https:\/\/istvr.edu.ec\/web\/wp-json\/wp\/v2\/pages\/1349\/revisions\/8082"}],"wp:attachment":[{"href":"https:\/\/istvr.edu.ec\/web\/wp-json\/wp\/v2\/media?parent=1349"}],"curies":[{"name":"wp","href":"https:\/\/api.w.org\/{rel}","templated":true}]}}