{"id":1230,"date":"2021-10-02T16:53:16","date_gmt":"2021-10-02T21:53:16","guid":{"rendered":"http:\/\/istvr.edu.ec\/web\/?page_id=1230"},"modified":"2026-02-04T15:20:18","modified_gmt":"2026-02-04T20:20:18","slug":"coordinaciones-y-gestorias","status":"publish","type":"page","link":"https:\/\/istvr.edu.ec\/web\/coordinaciones-y-gestorias\/","title":{"rendered":"Gestor\u00edas"},"content":{"rendered":"\t\t<div data-elementor-type=\"wp-page\" data-elementor-id=\"1230\" class=\"elementor elementor-1230\">\n\t\t\t\t\t\t\t<div class=\"elementor-element elementor-element-46a9a03 e-flex e-con-boxed e-con e-parent\" data-id=\"46a9a03\" data-element_type=\"container\" data-settings=\"{&quot;content_width&quot;:&quot;boxed&quot;}\" data-core-v316-plus=\"true\">\n\t\t\t\t\t<div class=\"e-con-inner\">\n\t\t\t\t<div class=\"elementor-element elementor-element-8d05e6e elementor-widget elementor-widget-heading\" data-id=\"8d05e6e\" data-element_type=\"widget\" data-widget_type=\"heading.default\">\n\t\t\t\t<div class=\"elementor-widget-container\">\n\t\t\t<style>\/*! elementor - v3.16.0 - 12-09-2023 *\/\n.elementor-heading-title{padding:0;margin:0;line-height:1}.elementor-widget-heading .elementor-heading-title[class*=elementor-size-]>a{color:inherit;font-size:inherit;line-height:inherit}.elementor-widget-heading .elementor-heading-title.elementor-size-small{font-size:15px}.elementor-widget-heading .elementor-heading-title.elementor-size-medium{font-size:19px}.elementor-widget-heading .elementor-heading-title.elementor-size-large{font-size:29px}.elementor-widget-heading .elementor-heading-title.elementor-size-xl{font-size:39px}.elementor-widget-heading .elementor-heading-title.elementor-size-xxl{font-size:59px}<\/style><h2 class=\"elementor-heading-title elementor-size-default\">GESTORIAS<\/h2>\t\t<\/div>\n\t\t\t\t<\/div>\n\t\t\t\t\t<\/div>\n\t\t\t\t<\/div>\n\t\t<div class=\"elementor-element elementor-element-80ccdc5 e-flex e-con-boxed e-con e-parent\" data-id=\"80ccdc5\" data-element_type=\"container\" data-settings=\"{&quot;content_width&quot;:&quot;boxed&quot;}\" data-core-v316-plus=\"true\">\n\t\t\t\t\t<div class=\"e-con-inner\">\n\t\t\t\t<div class=\"elementor-element elementor-element-cbd9aab elementor-widget elementor-widget-image\" data-id=\"cbd9aab\" data-element_type=\"widget\" data-widget_type=\"image.default\">\n\t\t\t\t<div class=\"elementor-widget-container\">\n\t\t\t<style>\/*! elementor - v3.16.0 - 12-09-2023 *\/\n.elementor-widget-image{text-align:center}.elementor-widget-image a{display:inline-block}.elementor-widget-image a img[src$=\".svg\"]{width:48px}.elementor-widget-image img{vertical-align:middle;display:inline-block}<\/style>\t\t\t\t\t\t\t\t\t\t\t\t<img loading=\"lazy\" decoding=\"async\" width=\"1025\" height=\"576\" src=\"https:\/\/istvr.edu.ec\/web\/wp-content\/uploads\/2026\/02\/GESTORIAS.png\" class=\"attachment-full size-full wp-image-7728\" alt=\"\" srcset=\"https:\/\/istvr.edu.ec\/web\/wp-content\/uploads\/2026\/02\/GESTORIAS.png 1025w, https:\/\/istvr.edu.ec\/web\/wp-content\/uploads\/2026\/02\/GESTORIAS-300x169.png 300w, https:\/\/istvr.edu.ec\/web\/wp-content\/uploads\/2026\/02\/GESTORIAS-768x432.png 768w, https:\/\/istvr.edu.ec\/web\/wp-content\/uploads\/2026\/02\/GESTORIAS-1000x562.png 1000w, https:\/\/istvr.edu.ec\/web\/wp-content\/uploads\/2026\/02\/GESTORIAS-230x129.png 230w, https:\/\/istvr.edu.ec\/web\/wp-content\/uploads\/2026\/02\/GESTORIAS-350x197.png 350w, https:\/\/istvr.edu.ec\/web\/wp-content\/uploads\/2026\/02\/GESTORIAS-480x270.png 480w\" sizes=\"auto, (max-width: 1025px) 100vw, 1025px\" \/>\t\t\t\t\t\t\t\t\t\t\t\t\t\t\t<\/div>\n\t\t\t\t<\/div>\n\t\t\t\t\t<\/div>\n\t\t\t\t<\/div>\n\t\t<div class=\"elementor-element elementor-element-89bf078 e-flex e-con-boxed e-con e-parent\" data-id=\"89bf078\" data-element_type=\"container\" data-settings=\"{&quot;content_width&quot;:&quot;boxed&quot;}\" data-core-v316-plus=\"true\">\n\t\t\t\t\t<div class=\"e-con-inner\">\n\t\t\t\t<div class=\"elementor-element elementor-element-6af743f elementor-widget elementor-widget-text-editor\" data-id=\"6af743f\" data-element_type=\"widget\" data-widget_type=\"text-editor.default\">\n\t\t\t\t<div class=\"elementor-widget-container\">\n\t\t\t<style>\/*! elementor - v3.16.0 - 12-09-2023 *\/\n.elementor-widget-text-editor.elementor-drop-cap-view-stacked .elementor-drop-cap{background-color:#69727d;color:#fff}.elementor-widget-text-editor.elementor-drop-cap-view-framed .elementor-drop-cap{color:#69727d;border:3px solid;background-color:transparent}.elementor-widget-text-editor:not(.elementor-drop-cap-view-default) .elementor-drop-cap{margin-top:8px}.elementor-widget-text-editor:not(.elementor-drop-cap-view-default) .elementor-drop-cap-letter{width:1em;height:1em}.elementor-widget-text-editor .elementor-drop-cap{float:left;text-align:center;line-height:1;font-size:50px}.elementor-widget-text-editor .elementor-drop-cap-letter{display:inline-block}<\/style>\t\t\t\t<table width=\"796\"><tbody><tr><td width=\"294\"><strong>DOCENTE<\/strong><\/td><td width=\"502\"><strong>GESTORIA<\/strong><\/td><\/tr><tr><td width=\"294\">CASTRO ITURRALDE GALO GABRIEL<\/td><td width=\"502\">Gestora del Centro de Formaci\u00f3n Integral y de Servicios Especializados o Centro de Educaci\u00f3n Cont\u00ednua\u00a0<\/td><\/tr><tr><td width=\"294\">FIGUEROA RODRIGUEZ LISSETTE KAREM<\/td><td width=\"502\">Gestora de Bienestar Institucional\u00a0\u00a0<\/td><\/tr><tr><td width=\"294\">CLAVIJO CACERES JADIRA LUCRECIA<\/td><td width=\"502\">Gestor de Vinculaci\u00f3n con la Sociedad\u00a0<\/td><\/tr><tr><td width=\"294\">ESTEFANO ALMEIDA MIGUEL ALEJANDRO<\/td><td width=\"502\">Gestor de la Unidad de Relaciones Internacionales e Institucionales\u00a0<\/td><\/tr><tr><td width=\"294\">CONCHA RAMIREZ JHONNY ANTONIO<\/td><td width=\"502\">Gestor de Investigaci\u00f3n, Desarrollo Tecnol\u00f3gico e Innovaci\u00f3n\u00a0<\/td><\/tr><tr><td width=\"294\">TOMALA PONCE GISSEL RITA<\/td><td width=\"502\">Gestora de Investigaci\u00f3n, Desarrollo Tecnol\u00f3gico e Innovaci\u00f3n, componente Titulaci\u00f3n<\/td><\/tr><tr><td width=\"294\">MARTILLO ALCIVAR MEIBOR LILY<\/td><td width=\"502\">Gestora de la Unidad de Talento Humano<\/td><\/tr><tr><td width=\"294\">CARRIZO GARCIA LUIS EDUARDO<\/td><td width=\"502\">Gestor de Planificaci\u00f3n Estrat\u00e9gica<\/td><\/tr><tr><td width=\"294\">MORAN BERMELLO KATHERIN VICENTA<\/td><td width=\"502\">Gestora Administrativo Financiero\u00a0<\/td><\/tr><tr><td width=\"294\">MORAN MURILLO PRISCILA NARCISA<\/td><td width=\"502\">Coordinadora de la Unidad de Aseguramiento de la Calidad\u00a0<\/td><\/tr><tr><td width=\"294\">MU\u00d1IZ TORRES HENRY MIGUEL<\/td><td width=\"502\">Secretario General<\/td><\/tr><tr><td width=\"294\">ZAMBRANO SOLIS ELBA AURORA<\/td><td width=\"502\">Gestora de la Unidad de Centro de Idiomas<\/td><\/tr><tr><td width=\"294\">GARCIA CORREA LEONARDO XAVIER<\/td><td width=\"502\">Gestor de la Unidad de Estad\u00edsticas\u00a0<\/td><\/tr><tr><td width=\"294\">FLORES ZAPATA STALYN ELOY<\/td><td width=\"502\">Gestor de la Unidad de Tecnolog\u00eda de la Informaci\u00f3n y Comunicaci\u00f3n\u00a0<\/td><\/tr><tr><td width=\"294\">AVENDA\u00d1O BRIONES ANGEL VICENTE<\/td><td width=\"502\">Procurador<\/td><\/tr><tr><td width=\"294\">SANCHEZ QUINDE MAIRA ALEXANDRA<\/td><td width=\"502\">Gestora de la Unidad de Servicios de Biblioteca<\/td><\/tr><tr><td width=\"294\">PALMA ARZUBE DORIS MARIA<\/td><td width=\"502\">Gestora de la Unidad de Comunicaci\u00f3n\u00a0<\/td><\/tr><\/tbody><\/table>\t\t\t\t\t\t<\/div>\n\t\t\t\t<\/div>\n\t\t\t\t\t<\/div>\n\t\t\t\t<\/div>\n\t\t\t\t\t\t\t<\/div>\n\t\t","protected":false},"excerpt":{"rendered":"<p>GESTORIAS DOCENTE GESTORIA CASTRO ITURRALDE GALO GABRIEL Gestora del Centro de Formaci\u00f3n Integral y de Servicios Especializados o Centro de Educaci\u00f3n Cont\u00ednua\u00a0 [&hellip;]<\/p>\n","protected":false},"author":1,"featured_media":0,"parent":0,"menu_order":0,"comment_status":"closed","ping_status":"closed","template":"","meta":{"pgc_sgb_lightbox_settings":"","footnotes":""},"class_list":["post-1230","page","type-page","status-publish","hentry"],"yoast_head":"<!-- This site is optimized with the Yoast SEO plugin v27.5 - https:\/\/yoast.com\/product\/yoast-seo-wordpress\/ -->\n<title>Gestor\u00edas -<\/title>\n<meta name=\"robots\" content=\"index, follow, max-snippet:-1, max-image-preview:large, max-video-preview:-1\" \/>\n<link rel=\"canonical\" href=\"https:\/\/istvr.edu.ec\/web\/coordinaciones-y-gestorias\/\" \/>\n<meta property=\"og:locale\" content=\"es_ES\" \/>\n<meta property=\"og:type\" content=\"article\" \/>\n<meta property=\"og:title\" content=\"Gestor\u00edas -\" \/>\n<meta property=\"og:description\" content=\"GESTORIAS DOCENTE GESTORIA CASTRO ITURRALDE GALO GABRIEL Gestora del Centro de Formaci\u00f3n Integral y de Servicios Especializados o Centro de Educaci\u00f3n Cont\u00ednua\u00a0 [&hellip;]\" \/>\n<meta property=\"og:url\" content=\"https:\/\/istvr.edu.ec\/web\/coordinaciones-y-gestorias\/\" \/>\n<meta property=\"article:publisher\" content=\"https:\/\/www.facebook.com\/ISTVR\" \/>\n<meta property=\"article:modified_time\" content=\"2026-02-04T20:20:18+00:00\" \/>\n<meta property=\"og:image\" content=\"http:\/\/istvr.edu.ec\/web\/wp-content\/uploads\/2026\/02\/GESTORIAS.png\" \/>\n<meta name=\"twitter:card\" content=\"summary_large_image\" \/>\n<meta name=\"twitter:site\" content=\"@istvr_edu_ec\" \/>\n<meta name=\"twitter:label1\" content=\"Tiempo de lectura\" \/>\n\t<meta name=\"twitter:data1\" content=\"1 minuto\" \/>\n<script type=\"application\/ld+json\" class=\"yoast-schema-graph\">{\"@context\":\"https:\\\/\\\/schema.org\",\"@graph\":[{\"@type\":\"WebPage\",\"@id\":\"https:\\\/\\\/istvr.edu.ec\\\/web\\\/coordinaciones-y-gestorias\\\/\",\"url\":\"https:\\\/\\\/istvr.edu.ec\\\/web\\\/coordinaciones-y-gestorias\\\/\",\"name\":\"Gestor\u00edas -\",\"isPartOf\":{\"@id\":\"https:\\\/\\\/istvr.edu.ec\\\/web\\\/#website\"},\"primaryImageOfPage\":{\"@id\":\"https:\\\/\\\/istvr.edu.ec\\\/web\\\/coordinaciones-y-gestorias\\\/#primaryimage\"},\"image\":{\"@id\":\"https:\\\/\\\/istvr.edu.ec\\\/web\\\/coordinaciones-y-gestorias\\\/#primaryimage\"},\"thumbnailUrl\":\"http:\\\/\\\/istvr.edu.ec\\\/web\\\/wp-content\\\/uploads\\\/2026\\\/02\\\/GESTORIAS.png\",\"datePublished\":\"2021-10-02T21:53:16+00:00\",\"dateModified\":\"2026-02-04T20:20:18+00:00\",\"breadcrumb\":{\"@id\":\"https:\\\/\\\/istvr.edu.ec\\\/web\\\/coordinaciones-y-gestorias\\\/#breadcrumb\"},\"inLanguage\":\"es\",\"potentialAction\":[{\"@type\":\"ReadAction\",\"target\":[\"https:\\\/\\\/istvr.edu.ec\\\/web\\\/coordinaciones-y-gestorias\\\/\"]}]},{\"@type\":\"ImageObject\",\"inLanguage\":\"es\",\"@id\":\"https:\\\/\\\/istvr.edu.ec\\\/web\\\/coordinaciones-y-gestorias\\\/#primaryimage\",\"url\":\"https:\\\/\\\/istvr.edu.ec\\\/web\\\/wp-content\\\/uploads\\\/2026\\\/02\\\/GESTORIAS.png\",\"contentUrl\":\"https:\\\/\\\/istvr.edu.ec\\\/web\\\/wp-content\\\/uploads\\\/2026\\\/02\\\/GESTORIAS.png\",\"width\":1025,\"height\":576},{\"@type\":\"BreadcrumbList\",\"@id\":\"https:\\\/\\\/istvr.edu.ec\\\/web\\\/coordinaciones-y-gestorias\\\/#breadcrumb\",\"itemListElement\":[{\"@type\":\"ListItem\",\"position\":1,\"name\":\"Portada\",\"item\":\"https:\\\/\\\/istvr.edu.ec\\\/web\\\/\"},{\"@type\":\"ListItem\",\"position\":2,\"name\":\"Gestor\u00edas\"}]},{\"@type\":\"WebSite\",\"@id\":\"https:\\\/\\\/istvr.edu.ec\\\/web\\\/#website\",\"url\":\"https:\\\/\\\/istvr.edu.ec\\\/web\\\/\",\"name\":\"https:\\\/\\\/istvr.edu.ec\\\/web\\\/\",\"description\":\"\",\"potentialAction\":[{\"@type\":\"SearchAction\",\"target\":{\"@type\":\"EntryPoint\",\"urlTemplate\":\"https:\\\/\\\/istvr.edu.ec\\\/web\\\/?s={search_term_string}\"},\"query-input\":{\"@type\":\"PropertyValueSpecification\",\"valueRequired\":true,\"valueName\":\"search_term_string\"}}],\"inLanguage\":\"es\"}]}<\/script>\n<!-- \/ Yoast SEO plugin. -->","yoast_head_json":{"title":"Gestor\u00edas -","robots":{"index":"index","follow":"follow","max-snippet":"max-snippet:-1","max-image-preview":"max-image-preview:large","max-video-preview":"max-video-preview:-1"},"canonical":"https:\/\/istvr.edu.ec\/web\/coordinaciones-y-gestorias\/","og_locale":"es_ES","og_type":"article","og_title":"Gestor\u00edas -","og_description":"GESTORIAS DOCENTE GESTORIA CASTRO ITURRALDE GALO GABRIEL Gestora del Centro de Formaci\u00f3n Integral y de Servicios Especializados o Centro de Educaci\u00f3n Cont\u00ednua\u00a0 [&hellip;]","og_url":"https:\/\/istvr.edu.ec\/web\/coordinaciones-y-gestorias\/","article_publisher":"https:\/\/www.facebook.com\/ISTVR","article_modified_time":"2026-02-04T20:20:18+00:00","og_image":[{"url":"http:\/\/istvr.edu.ec\/web\/wp-content\/uploads\/2026\/02\/GESTORIAS.png","type":"","width":"","height":""}],"twitter_card":"summary_large_image","twitter_site":"@istvr_edu_ec","twitter_misc":{"Tiempo de lectura":"1 minuto"},"schema":{"@context":"https:\/\/schema.org","@graph":[{"@type":"WebPage","@id":"https:\/\/istvr.edu.ec\/web\/coordinaciones-y-gestorias\/","url":"https:\/\/istvr.edu.ec\/web\/coordinaciones-y-gestorias\/","name":"Gestor\u00edas -","isPartOf":{"@id":"https:\/\/istvr.edu.ec\/web\/#website"},"primaryImageOfPage":{"@id":"https:\/\/istvr.edu.ec\/web\/coordinaciones-y-gestorias\/#primaryimage"},"image":{"@id":"https:\/\/istvr.edu.ec\/web\/coordinaciones-y-gestorias\/#primaryimage"},"thumbnailUrl":"http:\/\/istvr.edu.ec\/web\/wp-content\/uploads\/2026\/02\/GESTORIAS.png","datePublished":"2021-10-02T21:53:16+00:00","dateModified":"2026-02-04T20:20:18+00:00","breadcrumb":{"@id":"https:\/\/istvr.edu.ec\/web\/coordinaciones-y-gestorias\/#breadcrumb"},"inLanguage":"es","potentialAction":[{"@type":"ReadAction","target":["https:\/\/istvr.edu.ec\/web\/coordinaciones-y-gestorias\/"]}]},{"@type":"ImageObject","inLanguage":"es","@id":"https:\/\/istvr.edu.ec\/web\/coordinaciones-y-gestorias\/#primaryimage","url":"https:\/\/istvr.edu.ec\/web\/wp-content\/uploads\/2026\/02\/GESTORIAS.png","contentUrl":"https:\/\/istvr.edu.ec\/web\/wp-content\/uploads\/2026\/02\/GESTORIAS.png","width":1025,"height":576},{"@type":"BreadcrumbList","@id":"https:\/\/istvr.edu.ec\/web\/coordinaciones-y-gestorias\/#breadcrumb","itemListElement":[{"@type":"ListItem","position":1,"name":"Portada","item":"https:\/\/istvr.edu.ec\/web\/"},{"@type":"ListItem","position":2,"name":"Gestor\u00edas"}]},{"@type":"WebSite","@id":"https:\/\/istvr.edu.ec\/web\/#website","url":"https:\/\/istvr.edu.ec\/web\/","name":"https:\/\/istvr.edu.ec\/web\/","description":"","potentialAction":[{"@type":"SearchAction","target":{"@type":"EntryPoint","urlTemplate":"https:\/\/istvr.edu.ec\/web\/?s={search_term_string}"},"query-input":{"@type":"PropertyValueSpecification","valueRequired":true,"valueName":"search_term_string"}}],"inLanguage":"es"}]}},"_links":{"self":[{"href":"https:\/\/istvr.edu.ec\/web\/wp-json\/wp\/v2\/pages\/1230","targetHints":{"allow":["GET"]}}],"collection":[{"href":"https:\/\/istvr.edu.ec\/web\/wp-json\/wp\/v2\/pages"}],"about":[{"href":"https:\/\/istvr.edu.ec\/web\/wp-json\/wp\/v2\/types\/page"}],"author":[{"embeddable":true,"href":"https:\/\/istvr.edu.ec\/web\/wp-json\/wp\/v2\/users\/1"}],"replies":[{"embeddable":true,"href":"https:\/\/istvr.edu.ec\/web\/wp-json\/wp\/v2\/comments?post=1230"}],"version-history":[{"count":75,"href":"https:\/\/istvr.edu.ec\/web\/wp-json\/wp\/v2\/pages\/1230\/revisions"}],"predecessor-version":[{"id":7731,"href":"https:\/\/istvr.edu.ec\/web\/wp-json\/wp\/v2\/pages\/1230\/revisions\/7731"}],"wp:attachment":[{"href":"https:\/\/istvr.edu.ec\/web\/wp-json\/wp\/v2\/media?parent=1230"}],"curies":[{"name":"wp","href":"https:\/\/api.w.org\/{rel}","templated":true}]}}